{"id":116179,"date":"2023-12-06T17:18:17","date_gmt":"2023-12-06T09:18:17","guid":{"rendered":"https:\/\/www.mobile-well.com\/?post_type=product&#038;p=116179"},"modified":"2023-12-06T17:18:25","modified_gmt":"2023-12-06T09:18:25","slug":"venta-caliente-k-520-corazon-auriculares-bluetooth-inalambricos-v5-3-auriculares-bt-inalambricos-auriculares-hifi-calidad-de-sonido","status":"publish","type":"product","link":"https:\/\/www.mobile-well.com\/es\/producto\/venta-caliente-k-520-corazon-auriculares-bluetooth-inalambricos-v5-3-auriculares-bt-inalambricos-auriculares-hifi-calidad-de-sonido\/","title":{"rendered":"Venta caliente K-520 coraz\u00f3n auriculares bluetooth inal\u00e1mbricos V5.3 auriculares BT inal\u00e1mbricos auriculares HIFI calidad de sonido"},"content":{"rendered":"","protected":false},"excerpt":{"rendered":"<ul>\n<li>Tiempo de carga de auriculares: 45min<\/li>\n<li>Tiempo de carga en almacenamiento: 1,2 horas<\/li>\n<li>Tiempo de uso \u00fanico de los auriculares: 4-5 horas<\/li>\n<li>N\u00famero de veces que se pueden cargar los auriculares: aproximadamente 2-3 veces<\/li>\n<li>Color: negro, rosa, blanco<\/li>\n<\/ul>\n","protected":false},"featured_media":116186,"template":"","meta":[],"product_brand":[],"product_cat":[3016],"product_tag":[7914,9627,9626],"class_list":{"0":"post-116179","1":"product","2":"type-product","3":"status-publish","4":"has-post-thumbnail","6":"product_cat-auriculares-bluetooth","7":"product_tag-auriculares-bluetooth-inalambricos","8":"product_tag-bt-inalambricos-auriculares","9":"product_tag-v5-3-auriculares","11":"first","12":"instock","13":"shipping-taxable","14":"product-type-simple"},"jetpack_sharing_enabled":true,"_links":{"self":[{"href":"https:\/\/www.mobile-well.com\/es\/wp-json\/wp\/v2\/product\/116179","targetHints":{"allow":["GET"]}}],"collection":[{"href":"https:\/\/www.mobile-well.com\/es\/wp-json\/wp\/v2\/product"}],"about":[{"href":"https:\/\/www.mobile-well.com\/es\/wp-json\/wp\/v2\/types\/product"}],"wp:featuredmedia":[{"embeddable":true,"href":"https:\/\/www.mobile-well.com\/es\/wp-json\/wp\/v2\/media\/116186"}],"wp:attachment":[{"href":"https:\/\/www.mobile-well.com\/es\/wp-json\/wp\/v2\/media?parent=116179"}],"wp:term":[{"taxonomy":"product_brand","embeddable":true,"href":"https:\/\/www.mobile-well.com\/es\/wp-json\/wp\/v2\/product_brand?post=116179"},{"taxonomy":"product_cat","embeddable":true,"href":"https:\/\/www.mobile-well.com\/es\/wp-json\/wp\/v2\/product_cat?post=116179"},{"taxonomy":"product_tag","embeddable":true,"href":"https:\/\/www.mobile-well.com\/es\/wp-json\/wp\/v2\/product_tag?post=116179"}],"curies":[{"name":"wp","href":"https:\/\/api.w.org\/{rel}","templated":true}]}}