{"id":116200,"date":"2023-12-06T17:32:13","date_gmt":"2023-12-06T09:32:13","guid":{"rendered":"https:\/\/www.mobile-well.com\/?post_type=product&#038;p=116200"},"modified":"2023-12-06T17:32:21","modified_gmt":"2023-12-06T09:32:21","slug":"soporte-universal-caliente-del-soporte-del-coche-de-la-gravedad-del-telefono-movil-de-las-salidas-de-aire-del-coche-de-venta-para-el-telefono-movil","status":"publish","type":"product","link":"https:\/\/www.mobile-well.com\/es\/producto\/soporte-universal-caliente-del-soporte-del-coche-de-la-gravedad-del-telefono-movil-de-las-salidas-de-aire-del-coche-de-venta-para-el-telefono-movil\/","title":{"rendered":"Soporte universal caliente del soporte del coche de la gravedad del tel\u00e9fono m\u00f3vil de las salidas de aire del coche de Venta para el tel\u00e9fono m\u00f3vil"},"content":{"rendered":"","protected":false},"excerpt":{"rendered":"<ul>\n<li>Material\/material: ABS+PC+aleaci\u00f3n de aluminio+acr\u00edlico<\/li>\n<li>Dimensiones: 95*102*46mm<\/li>\n<li>Modo de instalaci\u00f3n\/Modo de instalaci\u00f3n: salida de aire, encimera<\/li>\n<li>Modelos compatibles\/modelos compatibles: tel\u00e9fonos m\u00f3viles de 4,7 ~ 7,2 pulgadas<\/li>\n<li>Color\/Color: negro grafito, gris ladrillo verde<\/li>\n<\/ul>\n","protected":false},"featured_media":116211,"template":"","meta":[],"product_brand":[],"product_cat":[467],"product_tag":[9628],"class_list":{"0":"post-116200","1":"product","2":"type-product","3":"status-publish","4":"has-post-thumbnail","6":"product_cat-gadgets-2","7":"product_tag-del-soporte-del-coche","9":"first","10":"instock","11":"shipping-taxable","12":"product-type-simple"},"jetpack_sharing_enabled":true,"_links":{"self":[{"href":"https:\/\/www.mobile-well.com\/es\/wp-json\/wp\/v2\/product\/116200","targetHints":{"allow":["GET"]}}],"collection":[{"href":"https:\/\/www.mobile-well.com\/es\/wp-json\/wp\/v2\/product"}],"about":[{"href":"https:\/\/www.mobile-well.com\/es\/wp-json\/wp\/v2\/types\/product"}],"wp:featuredmedia":[{"embeddable":true,"href":"https:\/\/www.mobile-well.com\/es\/wp-json\/wp\/v2\/media\/116211"}],"wp:attachment":[{"href":"https:\/\/www.mobile-well.com\/es\/wp-json\/wp\/v2\/media?parent=116200"}],"wp:term":[{"taxonomy":"product_brand","embeddable":true,"href":"https:\/\/www.mobile-well.com\/es\/wp-json\/wp\/v2\/product_brand?post=116200"},{"taxonomy":"product_cat","embeddable":true,"href":"https:\/\/www.mobile-well.com\/es\/wp-json\/wp\/v2\/product_cat?post=116200"},{"taxonomy":"product_tag","embeddable":true,"href":"https:\/\/www.mobile-well.com\/es\/wp-json\/wp\/v2\/product_tag?post=116200"}],"curies":[{"name":"wp","href":"https:\/\/api.w.org\/{rel}","templated":true}]}}