{"id":116489,"date":"2023-12-22T14:51:28","date_gmt":"2023-12-22T06:51:28","guid":{"rendered":"https:\/\/www.mobile-well.com\/?post_type=product&#038;p=116489"},"modified":"2023-12-22T14:53:24","modified_gmt":"2023-12-22T06:53:24","slug":"agujero-preciso-2-en-1-con-diseno-de-corazon-3d-tpupcpu-electrochapado-funda-de-telefono-artesanal","status":"publish","type":"product","link":"https:\/\/www.mobile-well.com\/es\/producto\/agujero-preciso-2-en-1-con-diseno-de-corazon-3d-tpupcpu-electrochapado-funda-de-telefono-artesanal\/","title":{"rendered":"Agujero preciso 2 en 1 con dise\u00f1o de coraz\u00f3n 3D TPU+PC+PU Electrochapado Funda de tel\u00e9fono artesanal"},"content":{"rendered":"","protected":false},"excerpt":{"rendered":"<ul>\n<li>Producto NO.:P1512-A11<\/li>\n<li>Material: TPU+PC+PU<\/li>\n<li>Artesan\u00eda: chapa galvanizada.<\/li>\n<li>Cantidad m\u00ednima de pedido: 100 unidades\/modelo, 30 unidades\/color.<\/li>\n<li>Producto N.W.: 39,4g<\/li>\n<\/ul>\n","protected":false},"featured_media":116504,"template":"","meta":[],"product_brand":[],"product_cat":[77],"product_tag":[9776,9777],"class_list":{"0":"post-116489","1":"product","2":"type-product","3":"status-publish","4":"has-post-thumbnail","6":"product_cat-fundas","7":"product_tag-2-en-1-con-diseno-de-corazon-3d","8":"product_tag-3d-tpupcpu-electrochapado-funda","10":"first","11":"instock","12":"shipping-taxable","13":"product-type-simple"},"jetpack_sharing_enabled":true,"_links":{"self":[{"href":"https:\/\/www.mobile-well.com\/es\/wp-json\/wp\/v2\/product\/116489","targetHints":{"allow":["GET"]}}],"collection":[{"href":"https:\/\/www.mobile-well.com\/es\/wp-json\/wp\/v2\/product"}],"about":[{"href":"https:\/\/www.mobile-well.com\/es\/wp-json\/wp\/v2\/types\/product"}],"wp:featuredmedia":[{"embeddable":true,"href":"https:\/\/www.mobile-well.com\/es\/wp-json\/wp\/v2\/media\/116504"}],"wp:attachment":[{"href":"https:\/\/www.mobile-well.com\/es\/wp-json\/wp\/v2\/media?parent=116489"}],"wp:term":[{"taxonomy":"product_brand","embeddable":true,"href":"https:\/\/www.mobile-well.com\/es\/wp-json\/wp\/v2\/product_brand?post=116489"},{"taxonomy":"product_cat","embeddable":true,"href":"https:\/\/www.mobile-well.com\/es\/wp-json\/wp\/v2\/product_cat?post=116489"},{"taxonomy":"product_tag","embeddable":true,"href":"https:\/\/www.mobile-well.com\/es\/wp-json\/wp\/v2\/product_tag?post=116489"}],"curies":[{"name":"wp","href":"https:\/\/api.w.org\/{rel}","templated":true}]}}