{"id":116529,"date":"2023-12-22T15:24:06","date_gmt":"2023-12-22T07:24:06","guid":{"rendered":"https:\/\/www.mobile-well.com\/?post_type=product&#038;p=116529"},"modified":"2023-12-22T15:25:10","modified_gmt":"2023-12-22T07:25:10","slug":"big-hole-3-en-1-tpu-reversible-imd-funda-telefono-disenos-patron-de-moda","status":"publish","type":"product","link":"https:\/\/www.mobile-well.com\/es\/producto\/big-hole-3-en-1-tpu-reversible-imd-funda-telefono-disenos-patron-de-moda\/","title":{"rendered":"Big Hole 3 en 1 TPU Reversible IMD Funda Tel\u00e9fono Dise\u00f1os Patr\u00f3n de Moda"},"content":{"rendered":"","protected":false},"excerpt":{"rendered":"<ul>\n<li>Producto NO.:P1512-A04<\/li>\n<li>Material:TPU<\/li>\n<li>Artesan\u00eda: IMD de doble cara<\/li>\n<li>Cantidad m\u00ednima de pedido: 200 unidades\/modelo, 40 unidades\/color.<\/li>\n<li>Peso neto del producto: 34,5 g.<\/li>\n<\/ul>\n","protected":false},"featured_media":116534,"template":"","meta":[],"product_brand":[],"product_cat":[77],"product_tag":[9779],"class_list":{"0":"post-116529","1":"product","2":"type-product","3":"status-publish","4":"has-post-thumbnail","6":"product_cat-fundas","7":"product_tag-3-en-1-tpu-reversible-imd-funda-telefono","9":"first","10":"instock","11":"shipping-taxable","12":"product-type-simple"},"jetpack_sharing_enabled":true,"_links":{"self":[{"href":"https:\/\/www.mobile-well.com\/es\/wp-json\/wp\/v2\/product\/116529","targetHints":{"allow":["GET"]}}],"collection":[{"href":"https:\/\/www.mobile-well.com\/es\/wp-json\/wp\/v2\/product"}],"about":[{"href":"https:\/\/www.mobile-well.com\/es\/wp-json\/wp\/v2\/types\/product"}],"wp:featuredmedia":[{"embeddable":true,"href":"https:\/\/www.mobile-well.com\/es\/wp-json\/wp\/v2\/media\/116534"}],"wp:attachment":[{"href":"https:\/\/www.mobile-well.com\/es\/wp-json\/wp\/v2\/media?parent=116529"}],"wp:term":[{"taxonomy":"product_brand","embeddable":true,"href":"https:\/\/www.mobile-well.com\/es\/wp-json\/wp\/v2\/product_brand?post=116529"},{"taxonomy":"product_cat","embeddable":true,"href":"https:\/\/www.mobile-well.com\/es\/wp-json\/wp\/v2\/product_cat?post=116529"},{"taxonomy":"product_tag","embeddable":true,"href":"https:\/\/www.mobile-well.com\/es\/wp-json\/wp\/v2\/product_tag?post=116529"}],"curies":[{"name":"wp","href":"https:\/\/api.w.org\/{rel}","templated":true}]}}