{"id":116602,"date":"2023-12-25T17:43:38","date_gmt":"2023-12-25T09:43:38","guid":{"rendered":"https:\/\/www.mobile-well.com\/?post_type=product&#038;p=116602"},"modified":"2023-12-25T17:44:31","modified_gmt":"2023-12-25T09:44:31","slug":"gran-agujero-3-en-1-funda-de-telefono-imd-de-doble-cara-con-diseno-de-moda-con-marco-de-camara-desmontable","status":"publish","type":"product","link":"https:\/\/www.mobile-well.com\/es\/producto\/gran-agujero-3-en-1-funda-de-telefono-imd-de-doble-cara-con-diseno-de-moda-con-marco-de-camara-desmontable\/","title":{"rendered":"Gran agujero 3 en 1 Funda de tel\u00e9fono IMD de doble cara con dise\u00f1o de moda Con marco de c\u00e1mara desmontable"},"content":{"rendered":"","protected":false},"excerpt":{"rendered":"<ul>\n<li>Producto NO.:P1512-A05<\/li>\n<li>Material:TPU<\/li>\n<li>Artesan\u00eda: IMD de doble cara<\/li>\n<li>Cantidad m\u00ednima de pedido: 200 unidades\/modelo, 40 unidades\/color.<\/li>\n<li>Producto N.W.: 33,8g<\/li>\n<\/ul>\n","protected":false},"featured_media":116609,"template":"","meta":[],"product_brand":[],"product_cat":[77],"product_tag":[9791],"class_list":{"0":"post-116602","1":"product","2":"type-product","3":"status-publish","4":"has-post-thumbnail","6":"product_cat-fundas","7":"product_tag-3-en-1-funda-de-telefono-imd","9":"first","10":"instock","11":"shipping-taxable","12":"product-type-simple"},"jetpack_sharing_enabled":true,"_links":{"self":[{"href":"https:\/\/www.mobile-well.com\/es\/wp-json\/wp\/v2\/product\/116602","targetHints":{"allow":["GET"]}}],"collection":[{"href":"https:\/\/www.mobile-well.com\/es\/wp-json\/wp\/v2\/product"}],"about":[{"href":"https:\/\/www.mobile-well.com\/es\/wp-json\/wp\/v2\/types\/product"}],"wp:featuredmedia":[{"embeddable":true,"href":"https:\/\/www.mobile-well.com\/es\/wp-json\/wp\/v2\/media\/116609"}],"wp:attachment":[{"href":"https:\/\/www.mobile-well.com\/es\/wp-json\/wp\/v2\/media?parent=116602"}],"wp:term":[{"taxonomy":"product_brand","embeddable":true,"href":"https:\/\/www.mobile-well.com\/es\/wp-json\/wp\/v2\/product_brand?post=116602"},{"taxonomy":"product_cat","embeddable":true,"href":"https:\/\/www.mobile-well.com\/es\/wp-json\/wp\/v2\/product_cat?post=116602"},{"taxonomy":"product_tag","embeddable":true,"href":"https:\/\/www.mobile-well.com\/es\/wp-json\/wp\/v2\/product_tag?post=116602"}],"curies":[{"name":"wp","href":"https:\/\/api.w.org\/{rel}","templated":true}]}}