{"id":116615,"date":"2023-12-25T17:56:05","date_gmt":"2023-12-25T09:56:05","guid":{"rendered":"https:\/\/www.mobile-well.com\/?post_type=product&#038;p=116615"},"modified":"2023-12-25T17:57:51","modified_gmt":"2023-12-25T09:57:51","slug":"mayorista-big-hole-3-en-1-doble-cara-imd-diseno-elegante-funda-de-telefono-con-bisel-de-camara-extraible","status":"publish","type":"product","link":"https:\/\/www.mobile-well.com\/es\/producto\/mayorista-big-hole-3-en-1-doble-cara-imd-diseno-elegante-funda-de-telefono-con-bisel-de-camara-extraible\/","title":{"rendered":"Mayorista Big Hole 3 en 1 Doble Cara IMD Dise\u00f1o Elegante Funda de Tel\u00e9fono con Bisel de C\u00e1mara Extra\u00edble"},"content":{"rendered":"","protected":false},"excerpt":{"rendered":"<ul>\n<li>Producto NO.:P1512-A05<\/li>\n<li>Material:TPU<\/li>\n<li>Artesan\u00eda: IMD de doble cara<\/li>\n<li>Cantidad m\u00ednima de pedido: 200 unidades\/modelo, 40 unidades\/color.<\/li>\n<li>Producto N.W.: 33,8g<\/li>\n<\/ul>\n","protected":false},"featured_media":116620,"template":"","meta":[],"product_brand":[],"product_cat":[77],"product_tag":[9792,8438,1784],"class_list":{"0":"post-116615","1":"product","2":"type-product","3":"status-publish","4":"has-post-thumbnail","6":"product_cat-fundas","7":"product_tag-3-en-1-doble-cara-imd","8":"product_tag-3-en-1-funda-para-telefono","9":"product_tag-funda-de-telefono","11":"first","12":"instock","13":"shipping-taxable","14":"product-type-simple"},"jetpack_sharing_enabled":true,"_links":{"self":[{"href":"https:\/\/www.mobile-well.com\/es\/wp-json\/wp\/v2\/product\/116615","targetHints":{"allow":["GET"]}}],"collection":[{"href":"https:\/\/www.mobile-well.com\/es\/wp-json\/wp\/v2\/product"}],"about":[{"href":"https:\/\/www.mobile-well.com\/es\/wp-json\/wp\/v2\/types\/product"}],"wp:featuredmedia":[{"embeddable":true,"href":"https:\/\/www.mobile-well.com\/es\/wp-json\/wp\/v2\/media\/116620"}],"wp:attachment":[{"href":"https:\/\/www.mobile-well.com\/es\/wp-json\/wp\/v2\/media?parent=116615"}],"wp:term":[{"taxonomy":"product_brand","embeddable":true,"href":"https:\/\/www.mobile-well.com\/es\/wp-json\/wp\/v2\/product_brand?post=116615"},{"taxonomy":"product_cat","embeddable":true,"href":"https:\/\/www.mobile-well.com\/es\/wp-json\/wp\/v2\/product_cat?post=116615"},{"taxonomy":"product_tag","embeddable":true,"href":"https:\/\/www.mobile-well.com\/es\/wp-json\/wp\/v2\/product_tag?post=116615"}],"curies":[{"name":"wp","href":"https:\/\/api.w.org\/{rel}","templated":true}]}}