{"id":116625,"date":"2023-12-26T10:24:12","date_gmt":"2023-12-26T02:24:12","guid":{"rendered":"https:\/\/www.mobile-well.com\/?post_type=product&#038;p=116625"},"modified":"2023-12-26T10:26:04","modified_gmt":"2023-12-26T02:26:04","slug":"agujero-exacto-2-en-1-caja-del-telefono-del-moldeo-por-inyeccion-de-acrilico-tpu-con-la-pelicula-de-proteccion-de-la-lente","status":"publish","type":"product","link":"https:\/\/www.mobile-well.com\/es\/producto\/agujero-exacto-2-en-1-caja-del-telefono-del-moldeo-por-inyeccion-de-acrilico-tpu-con-la-pelicula-de-proteccion-de-la-lente\/","title":{"rendered":"Agujero exacto 2 en 1 caja del tel\u00e9fono del moldeo por inyecci\u00f3n de acr\u00edlico +TPU con la pel\u00edcula de protecci\u00f3n de la lente"},"content":{"rendered":"","protected":false},"excerpt":{"rendered":"<ul>\n<li>Producto NO.:P1512-A07<\/li>\n<li>Material:Acr\u00edlico+TPU<\/li>\n<li>Artesan\u00eda:Moldeo por inyecci\u00f3n<\/li>\n<li>MOQ:10Pcs\/Modelo,10Pcs\/Color<\/li>\n<li>N.W. del producto:37.9g<\/li>\n<\/ul>\n","protected":false},"featured_media":116636,"template":"","meta":[],"product_brand":[],"product_cat":[77],"product_tag":[7644,9793],"class_list":{"0":"post-116625","1":"product","2":"type-product","3":"status-publish","4":"has-post-thumbnail","6":"product_cat-fundas","7":"product_tag-2-en-1-caja-del-telefono","8":"product_tag-acrilico-tpu-con-la-pelicula-de-proteccion","10":"first","11":"instock","12":"shipping-taxable","13":"product-type-simple"},"jetpack_sharing_enabled":true,"_links":{"self":[{"href":"https:\/\/www.mobile-well.com\/es\/wp-json\/wp\/v2\/product\/116625","targetHints":{"allow":["GET"]}}],"collection":[{"href":"https:\/\/www.mobile-well.com\/es\/wp-json\/wp\/v2\/product"}],"about":[{"href":"https:\/\/www.mobile-well.com\/es\/wp-json\/wp\/v2\/types\/product"}],"wp:featuredmedia":[{"embeddable":true,"href":"https:\/\/www.mobile-well.com\/es\/wp-json\/wp\/v2\/media\/116636"}],"wp:attachment":[{"href":"https:\/\/www.mobile-well.com\/es\/wp-json\/wp\/v2\/media?parent=116625"}],"wp:term":[{"taxonomy":"product_brand","embeddable":true,"href":"https:\/\/www.mobile-well.com\/es\/wp-json\/wp\/v2\/product_brand?post=116625"},{"taxonomy":"product_cat","embeddable":true,"href":"https:\/\/www.mobile-well.com\/es\/wp-json\/wp\/v2\/product_cat?post=116625"},{"taxonomy":"product_tag","embeddable":true,"href":"https:\/\/www.mobile-well.com\/es\/wp-json\/wp\/v2\/product_tag?post=116625"}],"curies":[{"name":"wp","href":"https:\/\/api.w.org\/{rel}","templated":true}]}}