{"id":116688,"date":"2023-12-26T17:19:31","date_gmt":"2023-12-26T09:19:31","guid":{"rendered":"https:\/\/www.mobile-well.com\/?post_type=product&#038;p=116688"},"modified":"2023-12-26T18:02:17","modified_gmt":"2023-12-26T10:02:17","slug":"venta-al-por-mayor-de-gran-agujero-3-en-1-de-doble-cara-imd-colorido-patron-de-onda-tpu-carcasa-del-telefono-movil","status":"publish","type":"product","link":"https:\/\/www.mobile-well.com\/es\/producto\/venta-al-por-mayor-de-gran-agujero-3-en-1-de-doble-cara-imd-colorido-patron-de-onda-tpu-carcasa-del-telefono-movil\/","title":{"rendered":"Venta al por mayor de gran agujero 3 en 1 de doble cara IMD colorido patr\u00f3n de onda TPU carcasa del tel\u00e9fono m\u00f3vil"},"content":{"rendered":"","protected":false},"excerpt":{"rendered":"<ul>\n<li>Producto NO.:P1512-A17<\/li>\n<li>Material:TPU<\/li>\n<li>Artesan\u00eda: IMD de doble cara<\/li>\n<li>Cantidad m\u00ednima de pedido: 200 unidades\/modelo, 40 unidades\/color.<\/li>\n<li>Peso neto del producto: 35,1 g.<\/li>\n<\/ul>\n","protected":false},"featured_media":116703,"template":"","meta":[],"product_brand":[],"product_cat":[77],"product_tag":[9839,1124,8226],"class_list":{"0":"post-116688","1":"product","2":"type-product","3":"status-publish","4":"has-post-thumbnail","6":"product_cat-fundas","7":"product_tag-3-en-1-de-doble-cara-imd","8":"product_tag-funda-tpu","9":"product_tag-tpu-carcasa-del-telefono-movil","11":"first","12":"instock","13":"shipping-taxable","14":"product-type-simple"},"jetpack_sharing_enabled":true,"_links":{"self":[{"href":"https:\/\/www.mobile-well.com\/es\/wp-json\/wp\/v2\/product\/116688","targetHints":{"allow":["GET"]}}],"collection":[{"href":"https:\/\/www.mobile-well.com\/es\/wp-json\/wp\/v2\/product"}],"about":[{"href":"https:\/\/www.mobile-well.com\/es\/wp-json\/wp\/v2\/types\/product"}],"wp:featuredmedia":[{"embeddable":true,"href":"https:\/\/www.mobile-well.com\/es\/wp-json\/wp\/v2\/media\/116703"}],"wp:attachment":[{"href":"https:\/\/www.mobile-well.com\/es\/wp-json\/wp\/v2\/media?parent=116688"}],"wp:term":[{"taxonomy":"product_brand","embeddable":true,"href":"https:\/\/www.mobile-well.com\/es\/wp-json\/wp\/v2\/product_brand?post=116688"},{"taxonomy":"product_cat","embeddable":true,"href":"https:\/\/www.mobile-well.com\/es\/wp-json\/wp\/v2\/product_cat?post=116688"},{"taxonomy":"product_tag","embeddable":true,"href":"https:\/\/www.mobile-well.com\/es\/wp-json\/wp\/v2\/product_tag?post=116688"}],"curies":[{"name":"wp","href":"https:\/\/api.w.org\/{rel}","templated":true}]}}