{"id":116709,"date":"2023-12-26T17:41:29","date_gmt":"2023-12-26T09:41:29","guid":{"rendered":"https:\/\/www.mobile-well.com\/?post_type=product&#038;p=116709"},"modified":"2023-12-26T17:43:24","modified_gmt":"2023-12-26T09:43:24","slug":"epoxy-2-en-1-tpu-diseno-patron-de-brillo-electrochapado-anti-caida-airbag-caso-del-telefono-2","status":"publish","type":"product","link":"https:\/\/www.mobile-well.com\/es\/producto\/epoxy-2-en-1-tpu-diseno-patron-de-brillo-electrochapado-anti-caida-airbag-caso-del-telefono-2\/","title":{"rendered":"Epoxy 2 en 1 TPU dise\u00f1o patr\u00f3n de brillo Electrochapado Anti-ca\u00edda airbag caso del tel\u00e9fono"},"content":{"rendered":"","protected":false},"excerpt":{"rendered":"<ul>\n<li>Material:TPU<\/li>\n<li>Artesan\u00eda: epoxi<\/li>\n<li>Cantidad m\u00ednima de pedido: 100 unidades\/modelo, 30 unidades\/color.<\/li>\n<\/ul>\n","protected":false},"featured_media":116722,"template":"","meta":[],"product_brand":[],"product_cat":[77],"product_tag":[9778,1315,1130],"class_list":{"0":"post-116709","1":"product","2":"type-product","3":"status-publish","4":"has-post-thumbnail","6":"product_cat-fundas","7":"product_tag-anti-caida-airbag-caso-del-telefono","8":"product_tag-funda-2-en-1-2","9":"product_tag-fundas-tpu","11":"first","12":"instock","13":"shipping-taxable","14":"product-type-simple"},"jetpack_sharing_enabled":true,"_links":{"self":[{"href":"https:\/\/www.mobile-well.com\/es\/wp-json\/wp\/v2\/product\/116709","targetHints":{"allow":["GET"]}}],"collection":[{"href":"https:\/\/www.mobile-well.com\/es\/wp-json\/wp\/v2\/product"}],"about":[{"href":"https:\/\/www.mobile-well.com\/es\/wp-json\/wp\/v2\/types\/product"}],"wp:featuredmedia":[{"embeddable":true,"href":"https:\/\/www.mobile-well.com\/es\/wp-json\/wp\/v2\/media\/116722"}],"wp:attachment":[{"href":"https:\/\/www.mobile-well.com\/es\/wp-json\/wp\/v2\/media?parent=116709"}],"wp:term":[{"taxonomy":"product_brand","embeddable":true,"href":"https:\/\/www.mobile-well.com\/es\/wp-json\/wp\/v2\/product_brand?post=116709"},{"taxonomy":"product_cat","embeddable":true,"href":"https:\/\/www.mobile-well.com\/es\/wp-json\/wp\/v2\/product_cat?post=116709"},{"taxonomy":"product_tag","embeddable":true,"href":"https:\/\/www.mobile-well.com\/es\/wp-json\/wp\/v2\/product_tag?post=116709"}],"curies":[{"name":"wp","href":"https:\/\/api.w.org\/{rel}","templated":true}]}}