{"id":116728,"date":"2023-12-27T10:05:31","date_gmt":"2023-12-27T02:05:31","guid":{"rendered":"https:\/\/www.mobile-well.com\/?post_type=product&#038;p=116728"},"modified":"2023-12-27T10:07:27","modified_gmt":"2023-12-27T02:07:27","slug":"el-epoxido-2-en-1-diseno-del-modelo-del-brillo-de-tpu-galvanizo-la-caja-anticaida-del-telefono-del-airbag","status":"publish","type":"product","link":"https:\/\/www.mobile-well.com\/es\/producto\/el-epoxido-2-en-1-diseno-del-modelo-del-brillo-de-tpu-galvanizo-la-caja-anticaida-del-telefono-del-airbag\/","title":{"rendered":"El ep\u00f3xido 2 en 1 dise\u00f1o del modelo del brillo de TPU galvaniz\u00f3 la caja antica\u00edda del tel\u00e9fono del airbag"},"content":{"rendered":"","protected":false},"excerpt":{"rendered":"<ul>\n<li>Material:TPU<\/li>\n<li>Artesan\u00eda: epoxi<\/li>\n<li>Cantidad m\u00ednima de pedido: 100 unidades\/modelo, 30 unidades\/color.<\/li>\n<\/ul>\n","protected":false},"featured_media":116743,"template":"","meta":[],"product_brand":[],"product_cat":[77],"product_tag":[9840],"class_list":{"0":"post-116728","1":"product","2":"type-product","3":"status-publish","4":"has-post-thumbnail","6":"product_cat-fundas","7":"product_tag-caja-anticaida-del-telefono-del-airbag","9":"first","10":"instock","11":"shipping-taxable","12":"product-type-simple"},"jetpack_sharing_enabled":true,"_links":{"self":[{"href":"https:\/\/www.mobile-well.com\/es\/wp-json\/wp\/v2\/product\/116728","targetHints":{"allow":["GET"]}}],"collection":[{"href":"https:\/\/www.mobile-well.com\/es\/wp-json\/wp\/v2\/product"}],"about":[{"href":"https:\/\/www.mobile-well.com\/es\/wp-json\/wp\/v2\/types\/product"}],"wp:featuredmedia":[{"embeddable":true,"href":"https:\/\/www.mobile-well.com\/es\/wp-json\/wp\/v2\/media\/116743"}],"wp:attachment":[{"href":"https:\/\/www.mobile-well.com\/es\/wp-json\/wp\/v2\/media?parent=116728"}],"wp:term":[{"taxonomy":"product_brand","embeddable":true,"href":"https:\/\/www.mobile-well.com\/es\/wp-json\/wp\/v2\/product_brand?post=116728"},{"taxonomy":"product_cat","embeddable":true,"href":"https:\/\/www.mobile-well.com\/es\/wp-json\/wp\/v2\/product_cat?post=116728"},{"taxonomy":"product_tag","embeddable":true,"href":"https:\/\/www.mobile-well.com\/es\/wp-json\/wp\/v2\/product_tag?post=116728"}],"curies":[{"name":"wp","href":"https:\/\/api.w.org\/{rel}","templated":true}]}}