{"id":116766,"date":"2023-12-27T16:19:05","date_gmt":"2023-12-27T08:19:05","guid":{"rendered":"https:\/\/www.mobile-well.com\/?post_type=product&#038;p=116766"},"modified":"2023-12-27T17:05:54","modified_gmt":"2023-12-27T09:05:54","slug":"venta-al-por-mayor-epoxy-ultra-delgado-caso-del-telefono-con-brillo-de-colores-patron-de-diseno","status":"publish","type":"product","link":"https:\/\/www.mobile-well.com\/es\/producto\/venta-al-por-mayor-epoxy-ultra-delgado-caso-del-telefono-con-brillo-de-colores-patron-de-diseno\/","title":{"rendered":"Venta al por mayor Epoxy ultra &#8211; delgado caso del tel\u00e9fono con brillo de colores Patr\u00f3n de dise\u00f1o"},"content":{"rendered":"","protected":false},"excerpt":{"rendered":"<ul>\n<li>Producto NO.:P1512-A15<\/li>\n<li>Material:TPU<\/li>\n<li>Artesan\u00eda:Epoxy<\/li>\n<li>MOQ:200Pcs\/Modelo,50Pcs\/Color<\/li>\n<\/ul>\n","protected":false},"featured_media":116779,"template":"","meta":[],"product_brand":[],"product_cat":[77],"product_tag":[1124,9847],"class_list":{"0":"post-116766","1":"product","2":"type-product","3":"status-publish","4":"has-post-thumbnail","6":"product_cat-fundas","7":"product_tag-funda-tpu","8":"product_tag-ultra-delgado-caso-del-telefono","10":"first","11":"instock","12":"shipping-taxable","13":"product-type-simple"},"jetpack_sharing_enabled":true,"_links":{"self":[{"href":"https:\/\/www.mobile-well.com\/es\/wp-json\/wp\/v2\/product\/116766","targetHints":{"allow":["GET"]}}],"collection":[{"href":"https:\/\/www.mobile-well.com\/es\/wp-json\/wp\/v2\/product"}],"about":[{"href":"https:\/\/www.mobile-well.com\/es\/wp-json\/wp\/v2\/types\/product"}],"wp:featuredmedia":[{"embeddable":true,"href":"https:\/\/www.mobile-well.com\/es\/wp-json\/wp\/v2\/media\/116779"}],"wp:attachment":[{"href":"https:\/\/www.mobile-well.com\/es\/wp-json\/wp\/v2\/media?parent=116766"}],"wp:term":[{"taxonomy":"product_brand","embeddable":true,"href":"https:\/\/www.mobile-well.com\/es\/wp-json\/wp\/v2\/product_brand?post=116766"},{"taxonomy":"product_cat","embeddable":true,"href":"https:\/\/www.mobile-well.com\/es\/wp-json\/wp\/v2\/product_cat?post=116766"},{"taxonomy":"product_tag","embeddable":true,"href":"https:\/\/www.mobile-well.com\/es\/wp-json\/wp\/v2\/product_tag?post=116766"}],"curies":[{"name":"wp","href":"https:\/\/api.w.org\/{rel}","templated":true}]}}