{"id":116826,"date":"2023-12-28T16:28:58","date_gmt":"2023-12-28T08:28:58","guid":{"rendered":"https:\/\/www.mobile-well.com\/?post_type=product&#038;p=116826"},"modified":"2023-12-28T16:29:23","modified_gmt":"2023-12-28T08:29:23","slug":"adaptador-rapido-economico-del-viaje-del-cargador-de-pared-del-cargador-rapido-usb-10w-para-el-enchufe-de-ue-ee-uu","status":"publish","type":"product","link":"https:\/\/www.mobile-well.com\/es\/producto\/adaptador-rapido-economico-del-viaje-del-cargador-de-pared-del-cargador-rapido-usb-10w-para-el-enchufe-de-ue-ee-uu\/","title":{"rendered":"Adaptador r\u00e1pido econ\u00f3mico del viaje del cargador de pared del cargador r\u00e1pido USB 10W para el enchufe de UE\/EE.UU."},"content":{"rendered":"","protected":false},"excerpt":{"rendered":"<ul>\n<li>Entrada: AC100-240V<\/li>\n<li>Frecuencia: 50\/60 HZ<\/li>\n<li>Corriente: 0,35 A.<\/li>\n<li>Voltaje de salida: 5V<\/li>\n<li>Corriente de salida: 2A<\/li>\n<li>Potencia nominal: 10W<\/li>\n<li>Color:Blanco\/Negro<\/li>\n<li>Tipo de enchufe: EE. UU.\/UE<\/li>\n<li>Peso neto del producto: 26,1G<\/li>\n<\/ul>\n","protected":false},"featured_media":116833,"template":"","meta":[],"product_brand":[],"product_cat":[76],"product_tag":[9870,9869],"class_list":{"0":"post-116826","1":"product","2":"type-product","3":"status-publish","4":"has-post-thumbnail","6":"product_cat-cargadores","7":"product_tag-cargador-rapido-usb-10w","8":"product_tag-viaje-del-cargador-de-pared-del","10":"first","11":"instock","12":"shipping-taxable","13":"product-type-simple"},"jetpack_sharing_enabled":true,"_links":{"self":[{"href":"https:\/\/www.mobile-well.com\/es\/wp-json\/wp\/v2\/product\/116826","targetHints":{"allow":["GET"]}}],"collection":[{"href":"https:\/\/www.mobile-well.com\/es\/wp-json\/wp\/v2\/product"}],"about":[{"href":"https:\/\/www.mobile-well.com\/es\/wp-json\/wp\/v2\/types\/product"}],"wp:featuredmedia":[{"embeddable":true,"href":"https:\/\/www.mobile-well.com\/es\/wp-json\/wp\/v2\/media\/116833"}],"wp:attachment":[{"href":"https:\/\/www.mobile-well.com\/es\/wp-json\/wp\/v2\/media?parent=116826"}],"wp:term":[{"taxonomy":"product_brand","embeddable":true,"href":"https:\/\/www.mobile-well.com\/es\/wp-json\/wp\/v2\/product_brand?post=116826"},{"taxonomy":"product_cat","embeddable":true,"href":"https:\/\/www.mobile-well.com\/es\/wp-json\/wp\/v2\/product_cat?post=116826"},{"taxonomy":"product_tag","embeddable":true,"href":"https:\/\/www.mobile-well.com\/es\/wp-json\/wp\/v2\/product_tag?post=116826"}],"curies":[{"name":"wp","href":"https:\/\/api.w.org\/{rel}","templated":true}]}}