{"id":116877,"date":"2024-01-03T15:55:08","date_gmt":"2024-01-03T07:55:08","guid":{"rendered":"https:\/\/www.mobile-well.com\/?post_type=product&#038;p=116877"},"modified":"2024-01-03T15:55:35","modified_gmt":"2024-01-03T07:55:35","slug":"portatil-20w-pdqc3-0-plegable-doble-puertos-multi-protocolo-rapido-usb-ausb-c-cargador-rapido-de-pared-adaptador-de-viaje","status":"publish","type":"product","link":"https:\/\/www.mobile-well.com\/es\/producto\/portatil-20w-pdqc3-0-plegable-doble-puertos-multi-protocolo-rapido-usb-ausb-c-cargador-rapido-de-pared-adaptador-de-viaje\/","title":{"rendered":"Port\u00e1til 20W PD+QC3.0 Plegable Doble Puertos Multi-protocolo R\u00e1pido USB-A+USB-C Cargador R\u00e1pido de Pared Adaptador de Viaje"},"content":{"rendered":"","protected":false},"excerpt":{"rendered":"<ul>\n<li>Entrada: AC100-240V<\/li>\n<li>Frecuencia: 50\/60Hz<\/li>\n<li>Corriente: 0,5 A.<\/li>\n<li>Salida USB-C: 5 V = 3 A, 9 V = 2,22 A, 12 V = 1,67 A.<\/li>\n<li>Salida USB A: 5 V = 3 A, 9 V = 2 A, 12 V = 1,5 A.<\/li>\n<li>Salida USB-C+USB-A: 5 V = 3 A.<\/li>\n<li>Potencia nominal: 20W<\/li>\n<li>Color blanco<\/li>\n<li>Tipo de enchufe: EE. UU.\/UE<\/li>\n<li>Peso neto del producto: 36,2 g (EE. UU.)<\/li>\n<\/ul>\n","protected":false},"featured_media":116884,"template":"","meta":[],"product_brand":[],"product_cat":[76],"product_tag":[9899,9846,9900],"class_list":{"0":"post-116877","1":"product","2":"type-product","3":"status-publish","4":"has-post-thumbnail","6":"product_cat-cargadores","7":"product_tag-20w-pdqc3-0-plegable-doble-puertos","8":"product_tag-pared-adaptador-de-viaje","9":"product_tag-usb-ausb-c-cargador-rapido","11":"first","12":"instock","13":"shipping-taxable","14":"product-type-simple"},"jetpack_sharing_enabled":true,"_links":{"self":[{"href":"https:\/\/www.mobile-well.com\/es\/wp-json\/wp\/v2\/product\/116877","targetHints":{"allow":["GET"]}}],"collection":[{"href":"https:\/\/www.mobile-well.com\/es\/wp-json\/wp\/v2\/product"}],"about":[{"href":"https:\/\/www.mobile-well.com\/es\/wp-json\/wp\/v2\/types\/product"}],"wp:featuredmedia":[{"embeddable":true,"href":"https:\/\/www.mobile-well.com\/es\/wp-json\/wp\/v2\/media\/116884"}],"wp:attachment":[{"href":"https:\/\/www.mobile-well.com\/es\/wp-json\/wp\/v2\/media?parent=116877"}],"wp:term":[{"taxonomy":"product_brand","embeddable":true,"href":"https:\/\/www.mobile-well.com\/es\/wp-json\/wp\/v2\/product_brand?post=116877"},{"taxonomy":"product_cat","embeddable":true,"href":"https:\/\/www.mobile-well.com\/es\/wp-json\/wp\/v2\/product_cat?post=116877"},{"taxonomy":"product_tag","embeddable":true,"href":"https:\/\/www.mobile-well.com\/es\/wp-json\/wp\/v2\/product_tag?post=116877"}],"curies":[{"name":"wp","href":"https:\/\/api.w.org\/{rel}","templated":true}]}}