{"id":116917,"date":"2024-01-03T16:53:12","date_gmt":"2024-01-03T08:53:12","guid":{"rendered":"https:\/\/www.mobile-well.com\/?post_type=product&#038;p=116917"},"modified":"2024-01-04T10:57:37","modified_gmt":"2024-01-04T02:57:37","slug":"exclusivo-molde-privado-auriculares-inalambricos-v5-3-auriculares-inalambricos-bt-con-sonido-hifi-para-telefono-movil-tableta-pc","status":"publish","type":"product","link":"https:\/\/www.mobile-well.com\/es\/producto\/exclusivo-molde-privado-auriculares-inalambricos-v5-3-auriculares-inalambricos-bt-con-sonido-hifi-para-telefono-movil-tableta-pc\/","title":{"rendered":"Exclusivo molde privado Auriculares inal\u00e1mbricos V5.3 Auriculares inal\u00e1mbricos BT con sonido HIFI para tel\u00e9fono m\u00f3vil\/tableta\/PC"},"content":{"rendered":"","protected":false},"excerpt":{"rendered":"<ul>\n<li>Modelo: mate50<\/li>\n<li>Auriculares: 30 mAh, compartimento para auriculares: 200 mAh<\/li>\n<li>Tiempo de carga de auriculares: 40 minutos<\/li>\n<li>Tiempo de carga en almacenamiento: 1,5 horas<\/li>\n<li>Tiempo de uso \u00fanico de los auriculares: 3-4 horas<\/li>\n<li>N\u00famero de veces que se pueden cargar los auriculares: aproximadamente 3 veces<\/li>\n<li>Color: Negro<\/li>\n<\/ul>\n","protected":false},"featured_media":116918,"template":"","meta":[],"product_brand":[],"product_cat":[3016],"product_tag":[9359,9623],"class_list":{"0":"post-116917","1":"product","2":"type-product","3":"status-publish","4":"has-post-thumbnail","6":"product_cat-auriculares-bluetooth","7":"product_tag-auriculares-inalambricos-bt","8":"product_tag-auriculares-inalambricos-v5-3","10":"first","11":"instock","12":"shipping-taxable","13":"product-type-simple"},"jetpack_sharing_enabled":true,"_links":{"self":[{"href":"https:\/\/www.mobile-well.com\/es\/wp-json\/wp\/v2\/product\/116917","targetHints":{"allow":["GET"]}}],"collection":[{"href":"https:\/\/www.mobile-well.com\/es\/wp-json\/wp\/v2\/product"}],"about":[{"href":"https:\/\/www.mobile-well.com\/es\/wp-json\/wp\/v2\/types\/product"}],"wp:featuredmedia":[{"embeddable":true,"href":"https:\/\/www.mobile-well.com\/es\/wp-json\/wp\/v2\/media\/116918"}],"wp:attachment":[{"href":"https:\/\/www.mobile-well.com\/es\/wp-json\/wp\/v2\/media?parent=116917"}],"wp:term":[{"taxonomy":"product_brand","embeddable":true,"href":"https:\/\/www.mobile-well.com\/es\/wp-json\/wp\/v2\/product_brand?post=116917"},{"taxonomy":"product_cat","embeddable":true,"href":"https:\/\/www.mobile-well.com\/es\/wp-json\/wp\/v2\/product_cat?post=116917"},{"taxonomy":"product_tag","embeddable":true,"href":"https:\/\/www.mobile-well.com\/es\/wp-json\/wp\/v2\/product_tag?post=116917"}],"curies":[{"name":"wp","href":"https:\/\/api.w.org\/{rel}","templated":true}]}}