{"id":116926,"date":"2024-01-03T17:16:09","date_gmt":"2024-01-03T09:16:09","guid":{"rendered":"https:\/\/www.mobile-well.com\/?post_type=product&#038;p=116926"},"modified":"2024-01-04T10:59:10","modified_gmt":"2024-01-04T02:59:10","slug":"anc-enc-auriculares-inalambricos-con-cancelacion-de-ruido-v5-3-auriculares-inalambricos-bt-con-sonido-hifi-para-telefono-movil-tableta-pc","status":"publish","type":"product","link":"https:\/\/www.mobile-well.com\/es\/producto\/anc-enc-auriculares-inalambricos-con-cancelacion-de-ruido-v5-3-auriculares-inalambricos-bt-con-sonido-hifi-para-telefono-movil-tableta-pc\/","title":{"rendered":"ANC + ENC Auriculares inal\u00e1mbricos con cancelaci\u00f3n de ruido V5.3 Auriculares inal\u00e1mbricos BT con sonido HIFI para tel\u00e9fono m\u00f3vil\/tableta\/PC"},"content":{"rendered":"","protected":false},"excerpt":{"rendered":"<ul>\n<li>Nombre del producto: ANC+ENC mate50 PLUS<\/li>\n<li>Auriculares: 30 mAh, compartimento para auriculares: 200 mAh<\/li>\n<li>Tiempo de carga de auriculares: 40 minutos<\/li>\n<li>Tiempo de carga en almacenamiento: 1,5 horas<\/li>\n<li>Tiempo de uso \u00fanico de los auriculares: 3-4 horas<\/li>\n<li>N\u00famero de veces que se pueden cargar los auriculares: aproximadamente 3 veces<\/li>\n<li>Color blanco<\/li>\n<li>Ca\u00edda: 27~28 decibeles<\/li>\n<\/ul>\n","protected":false},"featured_media":116941,"template":"","meta":[],"product_brand":[],"product_cat":[3016],"product_tag":[9905,9909],"class_list":{"0":"post-116926","1":"product","2":"type-product","3":"status-publish","4":"has-post-thumbnail","6":"product_cat-auriculares-bluetooth","7":"product_tag-ancenc-auriculares-inalambricos-con-cancelacion","8":"product_tag-v5-3-auriculares-inalambricos-bt","10":"first","11":"instock","12":"shipping-taxable","13":"product-type-simple"},"jetpack_sharing_enabled":true,"_links":{"self":[{"href":"https:\/\/www.mobile-well.com\/es\/wp-json\/wp\/v2\/product\/116926","targetHints":{"allow":["GET"]}}],"collection":[{"href":"https:\/\/www.mobile-well.com\/es\/wp-json\/wp\/v2\/product"}],"about":[{"href":"https:\/\/www.mobile-well.com\/es\/wp-json\/wp\/v2\/types\/product"}],"wp:featuredmedia":[{"embeddable":true,"href":"https:\/\/www.mobile-well.com\/es\/wp-json\/wp\/v2\/media\/116941"}],"wp:attachment":[{"href":"https:\/\/www.mobile-well.com\/es\/wp-json\/wp\/v2\/media?parent=116926"}],"wp:term":[{"taxonomy":"product_brand","embeddable":true,"href":"https:\/\/www.mobile-well.com\/es\/wp-json\/wp\/v2\/product_brand?post=116926"},{"taxonomy":"product_cat","embeddable":true,"href":"https:\/\/www.mobile-well.com\/es\/wp-json\/wp\/v2\/product_cat?post=116926"},{"taxonomy":"product_tag","embeddable":true,"href":"https:\/\/www.mobile-well.com\/es\/wp-json\/wp\/v2\/product_tag?post=116926"}],"curies":[{"name":"wp","href":"https:\/\/api.w.org\/{rel}","templated":true}]}}