{"id":116945,"date":"2024-01-03T17:31:08","date_gmt":"2024-01-03T09:31:08","guid":{"rendered":"https:\/\/www.mobile-well.com\/?post_type=product&#038;p=116945"},"modified":"2024-01-04T10:56:14","modified_gmt":"2024-01-04T02:56:14","slug":"diseno-mecanico-auriculares-inalambricos-v5-3-auriculares-inalambricos-bt-con-sonido-hifi-para-telefono-movil-tableta-pc","status":"publish","type":"product","link":"https:\/\/www.mobile-well.com\/es\/producto\/diseno-mecanico-auriculares-inalambricos-v5-3-auriculares-inalambricos-bt-con-sonido-hifi-para-telefono-movil-tableta-pc\/","title":{"rendered":"Dise\u00f1o mec\u00e1nico Auriculares inal\u00e1mbricos V5.3 Auriculares inal\u00e1mbricos BT con sonido HIFI para tel\u00e9fono m\u00f3vil\/tableta\/PC"},"content":{"rendered":"","protected":false},"excerpt":{"rendered":"<ul>\n<li>Nombre del producto: GT02<\/li>\n<li>Auriculares: 33 mAh, compartimento para auriculares: 200 mAh<\/li>\n<li>Tiempo de carga de auriculares: 1 hora<\/li>\n<li>Tiempo de carga de almacenamiento: 1 hora<\/li>\n<li>Tiempo de uso \u00fanico de los auriculares: 5 horas<\/li>\n<li>N\u00famero de veces que se pueden cargar los auriculares: aproximadamente 2,5 veces<\/li>\n<li>Color: negro verde azul naranja<\/li>\n<\/ul>\n","protected":false},"featured_media":116959,"template":"","meta":[],"product_brand":[],"product_cat":[3016],"product_tag":[9907,8064],"class_list":{"0":"post-116945","1":"product","2":"type-product","3":"status-publish","4":"has-post-thumbnail","6":"product_cat-auriculares-bluetooth","7":"product_tag-diseno-mecanico-auriculares-inalambricos","8":"product_tag-v5-3-auriculares-inalambricos","10":"first","11":"instock","12":"shipping-taxable","13":"product-type-simple"},"jetpack_sharing_enabled":true,"_links":{"self":[{"href":"https:\/\/www.mobile-well.com\/es\/wp-json\/wp\/v2\/product\/116945","targetHints":{"allow":["GET"]}}],"collection":[{"href":"https:\/\/www.mobile-well.com\/es\/wp-json\/wp\/v2\/product"}],"about":[{"href":"https:\/\/www.mobile-well.com\/es\/wp-json\/wp\/v2\/types\/product"}],"wp:featuredmedia":[{"embeddable":true,"href":"https:\/\/www.mobile-well.com\/es\/wp-json\/wp\/v2\/media\/116959"}],"wp:attachment":[{"href":"https:\/\/www.mobile-well.com\/es\/wp-json\/wp\/v2\/media?parent=116945"}],"wp:term":[{"taxonomy":"product_brand","embeddable":true,"href":"https:\/\/www.mobile-well.com\/es\/wp-json\/wp\/v2\/product_brand?post=116945"},{"taxonomy":"product_cat","embeddable":true,"href":"https:\/\/www.mobile-well.com\/es\/wp-json\/wp\/v2\/product_cat?post=116945"},{"taxonomy":"product_tag","embeddable":true,"href":"https:\/\/www.mobile-well.com\/es\/wp-json\/wp\/v2\/product_tag?post=116945"}],"curies":[{"name":"wp","href":"https:\/\/api.w.org\/{rel}","templated":true}]}}