{"id":116965,"date":"2024-01-03T17:44:14","date_gmt":"2024-01-03T09:44:14","guid":{"rendered":"https:\/\/www.mobile-well.com\/?post_type=product&#038;p=116965"},"modified":"2024-01-04T10:50:34","modified_gmt":"2024-01-04T02:50:34","slug":"auriculares-inalambricos-totalmente-transparentes-v5-3-wireless-bt-headset-hifi-sound-earphone-with-light-for-mobile-phone-tablet-pc","status":"publish","type":"product","link":"https:\/\/www.mobile-well.com\/es\/producto\/auriculares-inalambricos-totalmente-transparentes-v5-3-wireless-bt-headset-hifi-sound-earphone-with-light-for-mobile-phone-tablet-pc\/","title":{"rendered":"Auriculares inal\u00e1mbricos totalmente transparentes V5.3 Auriculares inal\u00e1mbricos BT con sonido HIFI y luz para tel\u00e9fono m\u00f3vil\/tableta\/PC"},"content":{"rendered":"","protected":false},"excerpt":{"rendered":"<ul>\n<li>\n<div>Nombre del producto: OWS-C01<\/div>\n<div><\/div>\n<\/li>\n<li>\n<div>Auriculares: 40 mAh, compartimento para auriculares: 200 mAh<\/div>\n<div><\/div>\n<\/li>\n<li>\n<div>Tiempo de carga de auriculares: 1,5 horas<\/div>\n<div><\/div>\n<\/li>\n<li>\n<div>Tiempo de carga en almacenamiento: 1,5 horas<\/div>\n<div><\/div>\n<\/li>\n<li>\n<div>Tiempo de uso \u00fanico de los auriculares: 4,5 horas<\/div>\n<div><\/div>\n<\/li>\n<li>\n<div>N\u00famero de veces que se pueden cargar los auriculares: aproximadamente 2 veces<\/div>\n<div><\/div>\n<\/li>\n<li>\n<div>Color: negro, blanco, piel, morado, rosa, verde, azul, amarillo<\/div>\n<\/li>\n<\/ul>\n","protected":false},"featured_media":116968,"template":"","meta":[],"product_brand":[],"product_cat":[3016],"product_tag":[9898,8064],"class_list":{"0":"post-116965","1":"product","2":"type-product","3":"status-publish","4":"has-post-thumbnail","6":"product_cat-auriculares-bluetooth","7":"product_tag-auriculares-inalambricos-totalmente-transparentes","8":"product_tag-v5-3-auriculares-inalambricos","10":"first","11":"instock","12":"shipping-taxable","13":"product-type-simple"},"jetpack_sharing_enabled":true,"_links":{"self":[{"href":"https:\/\/www.mobile-well.com\/es\/wp-json\/wp\/v2\/product\/116965","targetHints":{"allow":["GET"]}}],"collection":[{"href":"https:\/\/www.mobile-well.com\/es\/wp-json\/wp\/v2\/product"}],"about":[{"href":"https:\/\/www.mobile-well.com\/es\/wp-json\/wp\/v2\/types\/product"}],"wp:featuredmedia":[{"embeddable":true,"href":"https:\/\/www.mobile-well.com\/es\/wp-json\/wp\/v2\/media\/116968"}],"wp:attachment":[{"href":"https:\/\/www.mobile-well.com\/es\/wp-json\/wp\/v2\/media?parent=116965"}],"wp:term":[{"taxonomy":"product_brand","embeddable":true,"href":"https:\/\/www.mobile-well.com\/es\/wp-json\/wp\/v2\/product_brand?post=116965"},{"taxonomy":"product_cat","embeddable":true,"href":"https:\/\/www.mobile-well.com\/es\/wp-json\/wp\/v2\/product_cat?post=116965"},{"taxonomy":"product_tag","embeddable":true,"href":"https:\/\/www.mobile-well.com\/es\/wp-json\/wp\/v2\/product_tag?post=116965"}],"curies":[{"name":"wp","href":"https:\/\/api.w.org\/{rel}","templated":true}]}}