{"id":117061,"date":"2024-01-16T15:32:16","date_gmt":"2024-01-16T07:32:16","guid":{"rendered":"https:\/\/www.mobile-well.com\/?post_type=product&#038;p=117061"},"modified":"2024-01-16T15:34:52","modified_gmt":"2024-01-16T07:34:52","slug":"precio-de-fabrica-al-por-mayor-tpu-transparente-acrilico-con-funda-para-telefono-movil-con-soporte-magnetico","status":"publish","type":"product","link":"https:\/\/www.mobile-well.com\/es\/producto\/precio-de-fabrica-al-por-mayor-tpu-transparente-acrilico-con-funda-para-telefono-movil-con-soporte-magnetico\/","title":{"rendered":"Precio de f\u00e1brica al por mayor TPU transparente + acr\u00edlico con funda para tel\u00e9fono m\u00f3vil con soporte magn\u00e9tico"},"content":{"rendered":"","protected":false},"excerpt":{"rendered":"<ul>\n<li>Producto NO.:P0501-A14<\/li>\n<li>Material:TPU+Acr\u00edlico<\/li>\n<li>Artesan\u00eda: moldeo por inyecci\u00f3n + soporte magn\u00e9tico<\/li>\n<li>MOQ: 20 piezas\/modelo, 20 piezas\/color<\/li>\n<\/ul>\n","protected":false},"featured_media":117044,"template":"","meta":[],"product_brand":[],"product_cat":[77],"product_tag":[3838,9964,9962,9963],"class_list":{"0":"post-117061","1":"product","2":"type-product","3":"status-publish","4":"has-post-thumbnail","6":"product_cat-fundas","7":"product_tag-funda-para-telefono-movil","8":"product_tag-funda-para-telefono-movil-con-soporte-magnetico","9":"product_tag-precio-de-fabrica-al-por-mayor","10":"product_tag-tpu-transparente-acrilico","12":"first","13":"instock","14":"shipping-taxable","15":"product-type-simple"},"jetpack_sharing_enabled":true,"_links":{"self":[{"href":"https:\/\/www.mobile-well.com\/es\/wp-json\/wp\/v2\/product\/117061","targetHints":{"allow":["GET"]}}],"collection":[{"href":"https:\/\/www.mobile-well.com\/es\/wp-json\/wp\/v2\/product"}],"about":[{"href":"https:\/\/www.mobile-well.com\/es\/wp-json\/wp\/v2\/types\/product"}],"wp:featuredmedia":[{"embeddable":true,"href":"https:\/\/www.mobile-well.com\/es\/wp-json\/wp\/v2\/media\/117044"}],"wp:attachment":[{"href":"https:\/\/www.mobile-well.com\/es\/wp-json\/wp\/v2\/media?parent=117061"}],"wp:term":[{"taxonomy":"product_brand","embeddable":true,"href":"https:\/\/www.mobile-well.com\/es\/wp-json\/wp\/v2\/product_brand?post=117061"},{"taxonomy":"product_cat","embeddable":true,"href":"https:\/\/www.mobile-well.com\/es\/wp-json\/wp\/v2\/product_cat?post=117061"},{"taxonomy":"product_tag","embeddable":true,"href":"https:\/\/www.mobile-well.com\/es\/wp-json\/wp\/v2\/product_tag?post=117061"}],"curies":[{"name":"wp","href":"https:\/\/api.w.org\/{rel}","templated":true}]}}