{"id":117062,"date":"2024-01-16T15:58:30","date_gmt":"2024-01-16T07:58:30","guid":{"rendered":"https:\/\/www.mobile-well.com\/?post_type=product&#038;p=117062"},"modified":"2024-01-16T15:59:23","modified_gmt":"2024-01-16T07:59:23","slug":"caja-a-prueba-de-golpes-magnetica-transparente-del-telefono-movil-del-precio-al-por-mayor-tpupc-del-nuevo-producto","status":"publish","type":"product","link":"https:\/\/www.mobile-well.com\/es\/producto\/caja-a-prueba-de-golpes-magnetica-transparente-del-telefono-movil-del-precio-al-por-mayor-tpupc-del-nuevo-producto\/","title":{"rendered":"Caja a prueba de golpes magn\u00e9tica transparente del tel\u00e9fono m\u00f3vil del precio al por mayor TPU+PC del nuevo producto"},"content":{"rendered":"","protected":false},"excerpt":{"rendered":"<ul>\n<li>Producto NO.:P0501-A08<\/li>\n<li>Material:TPU + ordenador personal<\/li>\n<li>Artesan\u00eda: moldeo por inyecci\u00f3n + succi\u00f3n magn\u00e9tica<\/li>\n<li>Cantidad m\u00ednima de pedido: 10 unidades\/modelo, 10 unidades\/color.<\/li>\n<\/ul>\n","protected":false},"featured_media":117071,"template":"","meta":[],"product_brand":[],"product_cat":[77],"product_tag":[9969,2773,9971,9970],"class_list":{"0":"post-117062","1":"product","2":"type-product","3":"status-publish","4":"has-post-thumbnail","6":"product_cat-fundas","7":"product_tag-caja-a-prueba-de-golpes-magnetica","8":"product_tag-funda-tpupc","9":"product_tag-precio-al-por-mayor","10":"product_tag-transparente-del-telefono-movil","12":"first","13":"instock","14":"shipping-taxable","15":"product-type-simple"},"jetpack_sharing_enabled":true,"_links":{"self":[{"href":"https:\/\/www.mobile-well.com\/es\/wp-json\/wp\/v2\/product\/117062","targetHints":{"allow":["GET"]}}],"collection":[{"href":"https:\/\/www.mobile-well.com\/es\/wp-json\/wp\/v2\/product"}],"about":[{"href":"https:\/\/www.mobile-well.com\/es\/wp-json\/wp\/v2\/types\/product"}],"wp:featuredmedia":[{"embeddable":true,"href":"https:\/\/www.mobile-well.com\/es\/wp-json\/wp\/v2\/media\/117071"}],"wp:attachment":[{"href":"https:\/\/www.mobile-well.com\/es\/wp-json\/wp\/v2\/media?parent=117062"}],"wp:term":[{"taxonomy":"product_brand","embeddable":true,"href":"https:\/\/www.mobile-well.com\/es\/wp-json\/wp\/v2\/product_brand?post=117062"},{"taxonomy":"product_cat","embeddable":true,"href":"https:\/\/www.mobile-well.com\/es\/wp-json\/wp\/v2\/product_cat?post=117062"},{"taxonomy":"product_tag","embeddable":true,"href":"https:\/\/www.mobile-well.com\/es\/wp-json\/wp\/v2\/product_tag?post=117062"}],"curies":[{"name":"wp","href":"https:\/\/api.w.org\/{rel}","templated":true}]}}