{"id":117075,"date":"2024-01-16T16:24:12","date_gmt":"2024-01-16T08:24:12","guid":{"rendered":"https:\/\/www.mobile-well.com\/?post_type=product&#038;p=117075"},"modified":"2024-01-16T16:29:55","modified_gmt":"2024-01-16T08:29:55","slug":"caja-protectora-del-telefono-movil-del-precio-al-por-mayor-tpupc-de-la-fabrica-con-el-soporte-de-galvanoplastia","status":"publish","type":"product","link":"https:\/\/www.mobile-well.com\/es\/producto\/caja-protectora-del-telefono-movil-del-precio-al-por-mayor-tpupc-de-la-fabrica-con-el-soporte-de-galvanoplastia\/","title":{"rendered":"Caja protectora del tel\u00e9fono m\u00f3vil del precio al por mayor TPU+PC de la f\u00e1brica con el soporte de galvanoplastia"},"content":{"rendered":"","protected":false},"excerpt":{"rendered":"<ul>\n<li>Producto NO.:P0501-A09<\/li>\n<li>Material:TPU + ordenador personal<\/li>\n<li>Artesan\u00eda: moldeo por inyecci\u00f3n + soporte chapado<\/li>\n<li>Cantidad m\u00ednima de pedido: 10 unidades\/modelo, 10 unidades\/color.<\/li>\n<\/ul>\n","protected":false},"featured_media":117090,"template":"","meta":[],"product_brand":[],"product_cat":[77],"product_tag":[9972,2773,9973],"class_list":{"0":"post-117075","1":"product","2":"type-product","3":"status-publish","4":"has-post-thumbnail","6":"product_cat-fundas","7":"product_tag-caja-protectora-del-telefono-movil","8":"product_tag-funda-tpupc","9":"product_tag-precio-al-por-mayor-de-fabrica","11":"first","12":"instock","13":"shipping-taxable","14":"product-type-simple"},"jetpack_sharing_enabled":true,"_links":{"self":[{"href":"https:\/\/www.mobile-well.com\/es\/wp-json\/wp\/v2\/product\/117075","targetHints":{"allow":["GET"]}}],"collection":[{"href":"https:\/\/www.mobile-well.com\/es\/wp-json\/wp\/v2\/product"}],"about":[{"href":"https:\/\/www.mobile-well.com\/es\/wp-json\/wp\/v2\/types\/product"}],"wp:featuredmedia":[{"embeddable":true,"href":"https:\/\/www.mobile-well.com\/es\/wp-json\/wp\/v2\/media\/117090"}],"wp:attachment":[{"href":"https:\/\/www.mobile-well.com\/es\/wp-json\/wp\/v2\/media?parent=117075"}],"wp:term":[{"taxonomy":"product_brand","embeddable":true,"href":"https:\/\/www.mobile-well.com\/es\/wp-json\/wp\/v2\/product_brand?post=117075"},{"taxonomy":"product_cat","embeddable":true,"href":"https:\/\/www.mobile-well.com\/es\/wp-json\/wp\/v2\/product_cat?post=117075"},{"taxonomy":"product_tag","embeddable":true,"href":"https:\/\/www.mobile-well.com\/es\/wp-json\/wp\/v2\/product_tag?post=117075"}],"curies":[{"name":"wp","href":"https:\/\/api.w.org\/{rel}","templated":true}]}}