{"id":117099,"date":"2024-01-18T16:16:07","date_gmt":"2024-01-18T08:16:07","guid":{"rendered":"https:\/\/www.mobile-well.com\/?post_type=product&#038;p=117099"},"modified":"2024-01-18T16:16:08","modified_gmt":"2024-01-18T08:16:08","slug":"caja-al-por-mayor-del-telefono-movil-tpupc-de-la-fabrica-con-el-soporte-giratorio-360","status":"publish","type":"product","link":"https:\/\/www.mobile-well.com\/es\/producto\/caja-al-por-mayor-del-telefono-movil-tpupc-de-la-fabrica-con-el-soporte-giratorio-360\/","title":{"rendered":"Caja al por mayor del tel\u00e9fono m\u00f3vil TPU+PC de la f\u00e1brica con el soporte giratorio 360\u00b0"},"content":{"rendered":"","protected":false},"excerpt":{"rendered":"<ul>\n<li>Producto NO.:P0501-A06<\/li>\n<li>Material:TPU+PC<\/li>\n<li>Artesan\u00eda:Moldeo por inyecci\u00f3n + Inyecci\u00f3n de aceite + Soporte<\/li>\n<li>MOQ:10Pcs\/Modelo,10Pcs\/Color<\/li>\n<li>N.W. del producto:59.3g<\/li>\n<li>Tama\u00f1o CTN:60*45*33cm,500pcs\/ctn ,29.65kg<\/li>\n<\/ul>\n","protected":false},"featured_media":117114,"template":"","meta":[],"product_brand":[],"product_cat":[77],"product_tag":[9979,9981,9980],"class_list":{"0":"post-117099","1":"product","2":"type-product","3":"status-publish","4":"has-post-thumbnail","6":"product_cat-fundas","7":"product_tag-caja-al-por-mayor-del-telefono-movil","8":"product_tag-con-el-soporte-giratorio-360","9":"product_tag-tpupc-de-la-fabrica","11":"first","12":"instock","13":"shipping-taxable","14":"product-type-simple"},"jetpack_sharing_enabled":true,"_links":{"self":[{"href":"https:\/\/www.mobile-well.com\/es\/wp-json\/wp\/v2\/product\/117099","targetHints":{"allow":["GET"]}}],"collection":[{"href":"https:\/\/www.mobile-well.com\/es\/wp-json\/wp\/v2\/product"}],"about":[{"href":"https:\/\/www.mobile-well.com\/es\/wp-json\/wp\/v2\/types\/product"}],"wp:featuredmedia":[{"embeddable":true,"href":"https:\/\/www.mobile-well.com\/es\/wp-json\/wp\/v2\/media\/117114"}],"wp:attachment":[{"href":"https:\/\/www.mobile-well.com\/es\/wp-json\/wp\/v2\/media?parent=117099"}],"wp:term":[{"taxonomy":"product_brand","embeddable":true,"href":"https:\/\/www.mobile-well.com\/es\/wp-json\/wp\/v2\/product_brand?post=117099"},{"taxonomy":"product_cat","embeddable":true,"href":"https:\/\/www.mobile-well.com\/es\/wp-json\/wp\/v2\/product_cat?post=117099"},{"taxonomy":"product_tag","embeddable":true,"href":"https:\/\/www.mobile-well.com\/es\/wp-json\/wp\/v2\/product_tag?post=117099"}],"curies":[{"name":"wp","href":"https:\/\/api.w.org\/{rel}","templated":true}]}}