{"id":117116,"date":"2024-01-18T16:23:38","date_gmt":"2024-01-18T08:23:38","guid":{"rendered":"https:\/\/www.mobile-well.com\/?post_type=product&#038;p=117116"},"modified":"2024-01-18T16:24:32","modified_gmt":"2024-01-18T08:24:32","slug":"nuevo-venta-al-por-mayor-de-tpu-caja-de-telefono-magnetica-transparente-de-inyeccion","status":"publish","type":"product","link":"https:\/\/www.mobile-well.com\/es\/producto\/nuevo-venta-al-por-mayor-de-tpu-caja-de-telefono-magnetica-transparente-de-inyeccion\/","title":{"rendered":"Nuevo Venta al por mayor de TPU + caja de tel\u00e9fono magn\u00e9tica transparente de inyecci\u00f3n"},"content":{"rendered":"","protected":false},"excerpt":{"rendered":"<ul>\n<li>Producto NO.:P0501-A13<\/li>\n<li>Material:TPU+Acr\u00edlico<\/li>\n<li>Artesan\u00eda: moldeo por inyecci\u00f3n + succi\u00f3n magn\u00e9tica<\/li>\n<li>MOQ: 20 piezas\/modelo, 20 piezas\/color<\/li>\n<li>Producto N.W.: 51,1g<\/li>\n<li>Tama\u00f1o de la caja: 60*45*33 cm, 500 unidades\/caja, 25,55 kg<\/li>\n<\/ul>\n","protected":false},"featured_media":117127,"template":"","meta":[],"product_brand":[],"product_cat":[77],"product_tag":[9983,9982],"class_list":{"0":"post-117116","1":"product","2":"type-product","3":"status-publish","4":"has-post-thumbnail","6":"product_cat-fundas","7":"product_tag-caja-de-telefono-magnetica-transparente","8":"product_tag-venta-al-por-mayor-de-tpu-caja-de-telefono","10":"first","11":"instock","12":"shipping-taxable","13":"product-type-simple"},"jetpack_sharing_enabled":true,"_links":{"self":[{"href":"https:\/\/www.mobile-well.com\/es\/wp-json\/wp\/v2\/product\/117116","targetHints":{"allow":["GET"]}}],"collection":[{"href":"https:\/\/www.mobile-well.com\/es\/wp-json\/wp\/v2\/product"}],"about":[{"href":"https:\/\/www.mobile-well.com\/es\/wp-json\/wp\/v2\/types\/product"}],"wp:featuredmedia":[{"embeddable":true,"href":"https:\/\/www.mobile-well.com\/es\/wp-json\/wp\/v2\/media\/117127"}],"wp:attachment":[{"href":"https:\/\/www.mobile-well.com\/es\/wp-json\/wp\/v2\/media?parent=117116"}],"wp:term":[{"taxonomy":"product_brand","embeddable":true,"href":"https:\/\/www.mobile-well.com\/es\/wp-json\/wp\/v2\/product_brand?post=117116"},{"taxonomy":"product_cat","embeddable":true,"href":"https:\/\/www.mobile-well.com\/es\/wp-json\/wp\/v2\/product_cat?post=117116"},{"taxonomy":"product_tag","embeddable":true,"href":"https:\/\/www.mobile-well.com\/es\/wp-json\/wp\/v2\/product_tag?post=117116"}],"curies":[{"name":"wp","href":"https:\/\/api.w.org\/{rel}","templated":true}]}}