{"id":117205,"date":"2024-01-18T16:53:11","date_gmt":"2024-01-18T08:53:11","guid":{"rendered":"https:\/\/www.mobile-well.com\/?post_type=product&#038;p=117205"},"modified":"2024-01-18T16:53:54","modified_gmt":"2024-01-18T08:53:54","slug":"venta-al-por-mayor-tpu-acrilico-transparente-funda-de-telefono-movil-de-color-a-precio-de-fabrica","status":"publish","type":"product","link":"https:\/\/www.mobile-well.com\/es\/producto\/venta-al-por-mayor-tpu-acrilico-transparente-funda-de-telefono-movil-de-color-a-precio-de-fabrica\/","title":{"rendered":"Venta al por mayor TPU + acr\u00edlico transparente funda de tel\u00e9fono m\u00f3vil de color a precio de f\u00e1brica"},"content":{"rendered":"","protected":false},"excerpt":{"rendered":"<ul>\n<li>Producto NO.:P0501-A15<\/li>\n<li>Material:TPU+Acr\u00edlico<\/li>\n<li>Artesan\u00eda:Moldeo por inyecci\u00f3n + inyecci\u00f3n de aceite<\/li>\n<li>MOQ:50Pcs\/Modelo,50Pcs\/Color<\/li>\n<li>N.W. del producto:36.6g<\/li>\n<li>Tama\u00f1o CTN:60*45*33cm,500pcs\/ctn ,18.30kg<\/li>\n<\/ul>\n","protected":false},"featured_media":117216,"template":"","meta":[],"product_brand":[],"product_cat":[77],"product_tag":[9988,8096,9987],"class_list":{"0":"post-117205","1":"product","2":"type-product","3":"status-publish","4":"has-post-thumbnail","6":"product_cat-fundas","7":"product_tag-color-a-precio-de-fabrica","8":"product_tag-funda-de-telefono-movil","9":"product_tag-venta-al-por-mayor-tpu-acrilico-transparente-funda","11":"first","12":"instock","13":"shipping-taxable","14":"product-type-simple"},"jetpack_sharing_enabled":true,"_links":{"self":[{"href":"https:\/\/www.mobile-well.com\/es\/wp-json\/wp\/v2\/product\/117205","targetHints":{"allow":["GET"]}}],"collection":[{"href":"https:\/\/www.mobile-well.com\/es\/wp-json\/wp\/v2\/product"}],"about":[{"href":"https:\/\/www.mobile-well.com\/es\/wp-json\/wp\/v2\/types\/product"}],"wp:featuredmedia":[{"embeddable":true,"href":"https:\/\/www.mobile-well.com\/es\/wp-json\/wp\/v2\/media\/117216"}],"wp:attachment":[{"href":"https:\/\/www.mobile-well.com\/es\/wp-json\/wp\/v2\/media?parent=117205"}],"wp:term":[{"taxonomy":"product_brand","embeddable":true,"href":"https:\/\/www.mobile-well.com\/es\/wp-json\/wp\/v2\/product_brand?post=117205"},{"taxonomy":"product_cat","embeddable":true,"href":"https:\/\/www.mobile-well.com\/es\/wp-json\/wp\/v2\/product_cat?post=117205"},{"taxonomy":"product_tag","embeddable":true,"href":"https:\/\/www.mobile-well.com\/es\/wp-json\/wp\/v2\/product_tag?post=117205"}],"curies":[{"name":"wp","href":"https:\/\/api.w.org\/{rel}","templated":true}]}}