{"id":117221,"date":"2024-01-18T17:00:20","date_gmt":"2024-01-18T09:00:20","guid":{"rendered":"https:\/\/www.mobile-well.com\/?post_type=product&#038;p=117221"},"modified":"2024-01-18T17:01:21","modified_gmt":"2024-01-18T09:01:21","slug":"funda-mecanica-de-tpupc-inyeccion-para-telefono-con-clip-trasero","status":"publish","type":"product","link":"https:\/\/www.mobile-well.com\/es\/producto\/funda-mecanica-de-tpupc-inyeccion-para-telefono-con-clip-trasero\/","title":{"rendered":"Funda Mec\u00e1nica de TPU+PC Inyecci\u00f3n para Tel\u00e9fono con Clip Trasero"},"content":{"rendered":"","protected":false},"excerpt":{"rendered":"<ul>\n<li>Producto NO.:P0501-A16<\/li>\n<li>Material:TPU+PC<\/li>\n<li>Artesan\u00eda:Moldeo por inyecci\u00f3n<\/li>\n<li>MOQ:20Pcs\/Modelo,20Pcs\/Color<\/li>\n<li>N.W. del producto:116.5g<\/li>\n<li>Tama\u00f1o CTN:60*45*33cm,500pcs\/ctn ,58.25kg<\/li>\n<\/ul>\n","protected":false},"featured_media":117242,"template":"","meta":[],"product_brand":[],"product_cat":[77],"product_tag":[9989],"class_list":{"0":"post-117221","1":"product","2":"type-product","3":"status-publish","4":"has-post-thumbnail","6":"product_cat-fundas","7":"product_tag-funda-mecanica-de-tpupc","9":"first","10":"instock","11":"shipping-taxable","12":"product-type-simple"},"jetpack_sharing_enabled":true,"_links":{"self":[{"href":"https:\/\/www.mobile-well.com\/es\/wp-json\/wp\/v2\/product\/117221","targetHints":{"allow":["GET"]}}],"collection":[{"href":"https:\/\/www.mobile-well.com\/es\/wp-json\/wp\/v2\/product"}],"about":[{"href":"https:\/\/www.mobile-well.com\/es\/wp-json\/wp\/v2\/types\/product"}],"wp:featuredmedia":[{"embeddable":true,"href":"https:\/\/www.mobile-well.com\/es\/wp-json\/wp\/v2\/media\/117242"}],"wp:attachment":[{"href":"https:\/\/www.mobile-well.com\/es\/wp-json\/wp\/v2\/media?parent=117221"}],"wp:term":[{"taxonomy":"product_brand","embeddable":true,"href":"https:\/\/www.mobile-well.com\/es\/wp-json\/wp\/v2\/product_brand?post=117221"},{"taxonomy":"product_cat","embeddable":true,"href":"https:\/\/www.mobile-well.com\/es\/wp-json\/wp\/v2\/product_cat?post=117221"},{"taxonomy":"product_tag","embeddable":true,"href":"https:\/\/www.mobile-well.com\/es\/wp-json\/wp\/v2\/product_tag?post=117221"}],"curies":[{"name":"wp","href":"https:\/\/api.w.org\/{rel}","templated":true}]}}