{"id":117307,"date":"2024-01-20T17:23:57","date_gmt":"2024-01-20T09:23:57","guid":{"rendered":"https:\/\/www.mobile-well.com\/?post_type=product&#038;p=117307"},"modified":"2024-01-20T17:32:49","modified_gmt":"2024-01-20T09:32:49","slug":"precio-al-por-mayor-funda-de-telefono-movil-tpu-pc-con-funda-protectora-impermeable","status":"publish","type":"product","link":"https:\/\/www.mobile-well.com\/es\/producto\/precio-al-por-mayor-funda-de-telefono-movil-tpu-pc-con-funda-protectora-impermeable\/","title":{"rendered":"Precio al por mayor Funda de tel\u00e9fono m\u00f3vil TPU + PC con funda protectora impermeable"},"content":{"rendered":"","protected":false},"excerpt":{"rendered":"<ul>\n<li>Producto NO.:P0501-A12<\/li>\n<li>Material:TPU + ordenador personal<\/li>\n<li>Artesan\u00eda: moldeo por inyecci\u00f3n+inyecci\u00f3n de aceite+succi\u00f3n magn\u00e9tica<\/li>\n<li>Cantidad m\u00ednima de pedido: 10 unidades\/modelo, 10 unidades\/color.<\/li>\n<li>Peso neto del producto: 44,0 g.<\/li>\n<li>Tama\u00f1o del CTN: 60*45*33 cm, 500 unidades\/caja, 22,00 kg<\/li>\n<\/ul>\n","protected":false},"featured_media":117312,"template":"","meta":[],"product_brand":[],"product_cat":[77],"product_tag":[10015,10016,9971],"class_list":{"0":"post-117307","1":"product","2":"type-product","3":"status-publish","4":"has-post-thumbnail","6":"product_cat-fundas","7":"product_tag-funda-de-telefono-movil-tpu-pc","8":"product_tag-funda-protectora-impermeable","9":"product_tag-precio-al-por-mayor","11":"first","12":"instock","13":"shipping-taxable","14":"product-type-simple"},"jetpack_sharing_enabled":true,"_links":{"self":[{"href":"https:\/\/www.mobile-well.com\/es\/wp-json\/wp\/v2\/product\/117307","targetHints":{"allow":["GET"]}}],"collection":[{"href":"https:\/\/www.mobile-well.com\/es\/wp-json\/wp\/v2\/product"}],"about":[{"href":"https:\/\/www.mobile-well.com\/es\/wp-json\/wp\/v2\/types\/product"}],"wp:featuredmedia":[{"embeddable":true,"href":"https:\/\/www.mobile-well.com\/es\/wp-json\/wp\/v2\/media\/117312"}],"wp:attachment":[{"href":"https:\/\/www.mobile-well.com\/es\/wp-json\/wp\/v2\/media?parent=117307"}],"wp:term":[{"taxonomy":"product_brand","embeddable":true,"href":"https:\/\/www.mobile-well.com\/es\/wp-json\/wp\/v2\/product_brand?post=117307"},{"taxonomy":"product_cat","embeddable":true,"href":"https:\/\/www.mobile-well.com\/es\/wp-json\/wp\/v2\/product_cat?post=117307"},{"taxonomy":"product_tag","embeddable":true,"href":"https:\/\/www.mobile-well.com\/es\/wp-json\/wp\/v2\/product_tag?post=117307"}],"curies":[{"name":"wp","href":"https:\/\/api.w.org\/{rel}","templated":true}]}}