{"id":117316,"date":"2024-01-20T17:30:44","date_gmt":"2024-01-20T09:30:44","guid":{"rendered":"https:\/\/www.mobile-well.com\/?post_type=product&#038;p=117316"},"modified":"2024-01-20T17:30:46","modified_gmt":"2024-01-20T09:30:46","slug":"ventas-directas-de-fabrica-tpu-pc-de-proteccion-del-telefono-movil-funda-protectora-se-puede-personalizar","status":"publish","type":"product","link":"https:\/\/www.mobile-well.com\/es\/producto\/ventas-directas-de-fabrica-tpu-pc-de-proteccion-del-telefono-movil-funda-protectora-se-puede-personalizar\/","title":{"rendered":"Ventas directas de f\u00e1brica TPU + PC de protecci\u00f3n del tel\u00e9fono m\u00f3vil funda protectora se puede personalizar"},"content":{"rendered":"","protected":false},"excerpt":{"rendered":"<ul>\n<li>Producto NO.:P0501-A11<\/li>\n<li>Material:TPU+PC<\/li>\n<li>Artesan\u00eda:Moldeo por inyecci\u00f3n + inyecci\u00f3n de aceite<\/li>\n<li>MOQ:10Pcs\/Modelo,10Pcs\/Color<\/li>\n<li>N.W. del producto:40.0g<\/li>\n<li>Tama\u00f1o CTN:60*45*33cm,500pcs\/ctn ,20.00kg<\/li>\n<\/ul>\n","protected":false},"featured_media":117323,"template":"","meta":[],"product_brand":[],"product_cat":[77],"product_tag":[10019,10018,10017],"class_list":{"0":"post-117316","1":"product","2":"type-product","3":"status-publish","4":"has-post-thumbnail","6":"product_cat-fundas","7":"product_tag-protectora-se-puede-personalizar","8":"product_tag-tpu-pc-de-proteccion-del-telefono-movil-funda","9":"product_tag-ventas-directas-de-fabrica","11":"first","12":"instock","13":"shipping-taxable","14":"product-type-simple"},"jetpack_sharing_enabled":true,"_links":{"self":[{"href":"https:\/\/www.mobile-well.com\/es\/wp-json\/wp\/v2\/product\/117316","targetHints":{"allow":["GET"]}}],"collection":[{"href":"https:\/\/www.mobile-well.com\/es\/wp-json\/wp\/v2\/product"}],"about":[{"href":"https:\/\/www.mobile-well.com\/es\/wp-json\/wp\/v2\/types\/product"}],"wp:featuredmedia":[{"embeddable":true,"href":"https:\/\/www.mobile-well.com\/es\/wp-json\/wp\/v2\/media\/117323"}],"wp:attachment":[{"href":"https:\/\/www.mobile-well.com\/es\/wp-json\/wp\/v2\/media?parent=117316"}],"wp:term":[{"taxonomy":"product_brand","embeddable":true,"href":"https:\/\/www.mobile-well.com\/es\/wp-json\/wp\/v2\/product_brand?post=117316"},{"taxonomy":"product_cat","embeddable":true,"href":"https:\/\/www.mobile-well.com\/es\/wp-json\/wp\/v2\/product_cat?post=117316"},{"taxonomy":"product_tag","embeddable":true,"href":"https:\/\/www.mobile-well.com\/es\/wp-json\/wp\/v2\/product_tag?post=117316"}],"curies":[{"name":"wp","href":"https:\/\/api.w.org\/{rel}","templated":true}]}}