{"id":117379,"date":"2024-01-26T17:54:39","date_gmt":"2024-01-26T09:54:39","guid":{"rendered":"https:\/\/www.mobile-well.com\/?post_type=product&#038;p=117379"},"modified":"2024-01-26T17:55:58","modified_gmt":"2024-01-26T09:55:58","slug":"fabrica-de-venta-al-por-mayor-tpu-caso-del-telefono-movil-con-la-hoja-de-brillo-anti-caida-caso-de-proteccion","status":"publish","type":"product","link":"https:\/\/www.mobile-well.com\/es\/producto\/fabrica-de-venta-al-por-mayor-tpu-caso-del-telefono-movil-con-la-hoja-de-brillo-anti-caida-caso-de-proteccion\/","title":{"rendered":"F\u00e1brica de venta al por mayor TPU caso del tel\u00e9fono m\u00f3vil con la hoja de brillo anti-ca\u00edda caso de protecci\u00f3n"},"content":{"rendered":"","protected":false},"excerpt":{"rendered":"<ul>\n<li>Producto NO.:P0501-A04<\/li>\n<li>Material:TPU<\/li>\n<li>Artesan\u00eda:Glitter chip<\/li>\n<li>MOQ:200Pcs\/Modelo,50Pcs\/Color<\/li>\n<li>N.W. del producto:27.7g<\/li>\n<li>Tama\u00f1o CTN:60*45*33cm,500pcs\/ctn ,13.85kg<\/li>\n<li>1. Material de alta calidad &#8211; Hecho de material de TPU de alta calidad para garantizar una protecci\u00f3n perfecta de su tel\u00e9fono.<\/li>\n<li>2. Precio de f\u00e1brica al por mayor &#8211; Proporcionar fundas para tel\u00e9fonos m\u00f3viles a precio de f\u00e1brica al por mayor, ahorr\u00e1ndole costes.<\/li>\n<li>3. Diversas opciones &#8211; disponible en una variedad de colores<\/li>\n<li>4. Garant\u00eda de compra: garant\u00eda de calidad, servicio postventa atento y la garant\u00eda m\u00e1s completa.<\/li>\n<\/ul>\n","protected":false},"featured_media":117400,"template":"","meta":[],"product_brand":[],"product_cat":[77],"product_tag":[10039,10040],"class_list":{"0":"post-117379","1":"product","2":"type-product","3":"status-publish","4":"has-post-thumbnail","6":"product_cat-fundas","7":"product_tag-fabrica-de-venta-al-por-mayor","8":"product_tag-tpu-caso-del-telefono-movil","10":"first","11":"instock","12":"shipping-taxable","13":"product-type-simple"},"jetpack_sharing_enabled":true,"_links":{"self":[{"href":"https:\/\/www.mobile-well.com\/es\/wp-json\/wp\/v2\/product\/117379","targetHints":{"allow":["GET"]}}],"collection":[{"href":"https:\/\/www.mobile-well.com\/es\/wp-json\/wp\/v2\/product"}],"about":[{"href":"https:\/\/www.mobile-well.com\/es\/wp-json\/wp\/v2\/types\/product"}],"wp:featuredmedia":[{"embeddable":true,"href":"https:\/\/www.mobile-well.com\/es\/wp-json\/wp\/v2\/media\/117400"}],"wp:attachment":[{"href":"https:\/\/www.mobile-well.com\/es\/wp-json\/wp\/v2\/media?parent=117379"}],"wp:term":[{"taxonomy":"product_brand","embeddable":true,"href":"https:\/\/www.mobile-well.com\/es\/wp-json\/wp\/v2\/product_brand?post=117379"},{"taxonomy":"product_cat","embeddable":true,"href":"https:\/\/www.mobile-well.com\/es\/wp-json\/wp\/v2\/product_cat?post=117379"},{"taxonomy":"product_tag","embeddable":true,"href":"https:\/\/www.mobile-well.com\/es\/wp-json\/wp\/v2\/product_tag?post=117379"}],"curies":[{"name":"wp","href":"https:\/\/api.w.org\/{rel}","templated":true}]}}