{"id":117404,"date":"2024-01-29T11:07:24","date_gmt":"2024-01-29T03:07:24","guid":{"rendered":"https:\/\/www.mobile-well.com\/?post_type=product&#038;p=117404"},"modified":"2024-01-29T11:08:48","modified_gmt":"2024-01-29T03:08:48","slug":"funda-magnetica-de-alta-calidad-al-por-mayor-para-telefono-tpupc","status":"publish","type":"product","link":"https:\/\/www.mobile-well.com\/es\/producto\/funda-magnetica-de-alta-calidad-al-por-mayor-para-telefono-tpupc\/","title":{"rendered":"Funda magn\u00e9tica de alta calidad al por mayor para tel\u00e9fono TPU+PC"},"content":{"rendered":"","protected":false},"excerpt":{"rendered":"<ul>\n<li>Producto NO.:P0501-A05<\/li>\n<li>Material:TPU+PC<\/li>\n<li>Artesan\u00eda: moldeo por inyecci\u00f3n + inyecci\u00f3n de aceite + succi\u00f3n magn\u00e9tica<\/li>\n<li>MOQ:10Pcs\/Modelo,10Pcs\/Color<\/li>\n<li>N.W. del producto:57.0g<\/li>\n<li>Tama\u00f1o CTN:60*45*33cm,500pcs\/ctn ,28.50kg<\/li>\n<\/ul>\n","protected":false},"featured_media":117421,"template":"","meta":[],"product_brand":[],"product_cat":[77],"product_tag":[3648,2773,10041],"class_list":{"0":"post-117404","1":"product","2":"type-product","3":"status-publish","4":"has-post-thumbnail","6":"product_cat-fundas","7":"product_tag-funda","8":"product_tag-funda-tpupc","9":"product_tag-por-mayor-para-telefono-tpupc","11":"first","12":"instock","13":"shipping-taxable","14":"product-type-simple"},"jetpack_sharing_enabled":true,"_links":{"self":[{"href":"https:\/\/www.mobile-well.com\/es\/wp-json\/wp\/v2\/product\/117404","targetHints":{"allow":["GET"]}}],"collection":[{"href":"https:\/\/www.mobile-well.com\/es\/wp-json\/wp\/v2\/product"}],"about":[{"href":"https:\/\/www.mobile-well.com\/es\/wp-json\/wp\/v2\/types\/product"}],"wp:featuredmedia":[{"embeddable":true,"href":"https:\/\/www.mobile-well.com\/es\/wp-json\/wp\/v2\/media\/117421"}],"wp:attachment":[{"href":"https:\/\/www.mobile-well.com\/es\/wp-json\/wp\/v2\/media?parent=117404"}],"wp:term":[{"taxonomy":"product_brand","embeddable":true,"href":"https:\/\/www.mobile-well.com\/es\/wp-json\/wp\/v2\/product_brand?post=117404"},{"taxonomy":"product_cat","embeddable":true,"href":"https:\/\/www.mobile-well.com\/es\/wp-json\/wp\/v2\/product_cat?post=117404"},{"taxonomy":"product_tag","embeddable":true,"href":"https:\/\/www.mobile-well.com\/es\/wp-json\/wp\/v2\/product_tag?post=117404"}],"curies":[{"name":"wp","href":"https:\/\/api.w.org\/{rel}","templated":true}]}}