{"id":117506,"date":"2024-03-27T16:57:59","date_gmt":"2024-03-27T08:57:59","guid":{"rendered":"https:\/\/www.mobile-well.com\/?post_type=product&#038;p=117506"},"modified":"2024-03-28T10:51:44","modified_gmt":"2024-03-28T02:51:44","slug":"precio-al-por-mayor-de-fabrica-soporte-para-lentes-de-metal-funda-para-telefono-con-boton-de-metal","status":"publish","type":"product","link":"https:\/\/www.mobile-well.com\/es\/producto\/precio-al-por-mayor-de-fabrica-soporte-para-lentes-de-metal-funda-para-telefono-con-boton-de-metal\/","title":{"rendered":"Precio al por mayor de f\u00e1brica, soporte para lentes de metal + funda para tel\u00e9fono con bot\u00f3n de metal"},"content":{"rendered":"","protected":false},"excerpt":{"rendered":"<ul>\n<li>Producto NO.:P1503-A09<\/li>\n<li>Material: TPU+soporte de hardware+bot\u00f3n de hardware+im\u00e1n<\/li>\n<li>Artesan\u00eda:IMD<\/li>\n<li>Cantidad m\u00ednima de pedido: 10 unidades\/modelo, 10 unidades\/color.<\/li>\n<li>Peso neto del producto: 51.0 g<\/li>\n<\/ul>\n","protected":false},"featured_media":117507,"template":"","meta":[],"product_brand":[],"product_cat":[77],"product_tag":[8316,5738,9973],"class_list":{"0":"post-117506","1":"product","2":"type-product","3":"status-publish","4":"has-post-thumbnail","6":"product_cat-fundas","7":"product_tag-funda-para-telefono","8":"product_tag-moq100","9":"product_tag-precio-al-por-mayor-de-fabrica","11":"first","12":"instock","13":"shipping-taxable","14":"product-type-simple"},"jetpack_sharing_enabled":true,"_links":{"self":[{"href":"https:\/\/www.mobile-well.com\/es\/wp-json\/wp\/v2\/product\/117506","targetHints":{"allow":["GET"]}}],"collection":[{"href":"https:\/\/www.mobile-well.com\/es\/wp-json\/wp\/v2\/product"}],"about":[{"href":"https:\/\/www.mobile-well.com\/es\/wp-json\/wp\/v2\/types\/product"}],"wp:featuredmedia":[{"embeddable":true,"href":"https:\/\/www.mobile-well.com\/es\/wp-json\/wp\/v2\/media\/117507"}],"wp:attachment":[{"href":"https:\/\/www.mobile-well.com\/es\/wp-json\/wp\/v2\/media?parent=117506"}],"wp:term":[{"taxonomy":"product_brand","embeddable":true,"href":"https:\/\/www.mobile-well.com\/es\/wp-json\/wp\/v2\/product_brand?post=117506"},{"taxonomy":"product_cat","embeddable":true,"href":"https:\/\/www.mobile-well.com\/es\/wp-json\/wp\/v2\/product_cat?post=117506"},{"taxonomy":"product_tag","embeddable":true,"href":"https:\/\/www.mobile-well.com\/es\/wp-json\/wp\/v2\/product_tag?post=117506"}],"curies":[{"name":"wp","href":"https:\/\/api.w.org\/{rel}","templated":true}]}}