{"id":117521,"date":"2024-03-27T17:08:29","date_gmt":"2024-03-27T09:08:29","guid":{"rendered":"https:\/\/www.mobile-well.com\/?post_type=product&#038;p=117521"},"modified":"2024-03-27T17:10:17","modified_gmt":"2024-03-27T09:10:17","slug":"caja-al-por-mayor-del-telefono-movil-del-modelo-putpupc-del-dril-de-algodon","status":"publish","type":"product","link":"https:\/\/www.mobile-well.com\/es\/producto\/caja-al-por-mayor-del-telefono-movil-del-modelo-putpupc-del-dril-de-algodon\/","title":{"rendered":"Caja al por mayor del tel\u00e9fono m\u00f3vil del modelo PU+TPU+PC del dril de algod\u00f3n"},"content":{"rendered":"","protected":false},"excerpt":{"rendered":"<ul>\n<li>Producto NO.:P1503-A17<\/li>\n<li>Material: PU+TPU+PC<\/li>\n<li>Artesan\u00eda: envoltura<\/li>\n<li>Cantidad m\u00ednima de pedido: 10 unidades\/modelo, 10 unidades\/color.<\/li>\n<li>Peso neto del producto: 32.9 g.<\/li>\n<\/ul>\n","protected":false},"featured_media":117528,"template":"","meta":[],"product_brand":[],"product_cat":[77],"product_tag":[9979,10053],"class_list":{"0":"post-117521","1":"product","2":"type-product","3":"status-publish","4":"has-post-thumbnail","6":"product_cat-fundas","7":"product_tag-caja-al-por-mayor-del-telefono-movil","8":"product_tag-putpupc-fundas","10":"first","11":"instock","12":"shipping-taxable","13":"product-type-simple"},"jetpack_sharing_enabled":true,"_links":{"self":[{"href":"https:\/\/www.mobile-well.com\/es\/wp-json\/wp\/v2\/product\/117521","targetHints":{"allow":["GET"]}}],"collection":[{"href":"https:\/\/www.mobile-well.com\/es\/wp-json\/wp\/v2\/product"}],"about":[{"href":"https:\/\/www.mobile-well.com\/es\/wp-json\/wp\/v2\/types\/product"}],"wp:featuredmedia":[{"embeddable":true,"href":"https:\/\/www.mobile-well.com\/es\/wp-json\/wp\/v2\/media\/117528"}],"wp:attachment":[{"href":"https:\/\/www.mobile-well.com\/es\/wp-json\/wp\/v2\/media?parent=117521"}],"wp:term":[{"taxonomy":"product_brand","embeddable":true,"href":"https:\/\/www.mobile-well.com\/es\/wp-json\/wp\/v2\/product_brand?post=117521"},{"taxonomy":"product_cat","embeddable":true,"href":"https:\/\/www.mobile-well.com\/es\/wp-json\/wp\/v2\/product_cat?post=117521"},{"taxonomy":"product_tag","embeddable":true,"href":"https:\/\/www.mobile-well.com\/es\/wp-json\/wp\/v2\/product_tag?post=117521"}],"curies":[{"name":"wp","href":"https:\/\/api.w.org\/{rel}","templated":true}]}}