{"id":117544,"date":"2024-03-27T17:27:32","date_gmt":"2024-03-27T09:27:32","guid":{"rendered":"https:\/\/www.mobile-well.com\/?post_type=product&#038;p=117544"},"modified":"2024-03-27T17:29:24","modified_gmt":"2024-03-27T09:29:24","slug":"caja-magnetica-de-enfriamiento-del-telefono-de-la-malla-de-alta-calidad-de-la-venta-al-por-mayor-tpupc-de-la-fabrica","status":"publish","type":"product","link":"https:\/\/www.mobile-well.com\/es\/producto\/caja-magnetica-de-enfriamiento-del-telefono-de-la-malla-de-alta-calidad-de-la-venta-al-por-mayor-tpupc-de-la-fabrica\/","title":{"rendered":"Caja magn\u00e9tica de enfriamiento del tel\u00e9fono de la malla de alta calidad de la venta al por mayor TPU+PC de la f\u00e1brica"},"content":{"rendered":"","protected":false},"excerpt":{"rendered":"<ul>\n<li>Producto NO.:P1503-A11<\/li>\n<li>Material:TPU + ordenador personal<\/li>\n<li>Artesan\u00eda: inyecci\u00f3n de aceite<\/li>\n<li>Cantidad m\u00ednima de pedido: 100 unidades\/modelo, 20 unidades\/color.<\/li>\n<li>Peso neto del producto: 36.5 g.<\/li>\n<\/ul>\n","protected":false},"featured_media":117555,"template":"","meta":[],"product_brand":[],"product_cat":[77],"product_tag":[10054,10055,9980],"class_list":{"0":"post-117544","1":"product","2":"type-product","3":"status-publish","4":"has-post-thumbnail","6":"product_cat-fundas","7":"product_tag-caja-magnetica-de-enfriamiento-del-telefono","8":"product_tag-la-venta-al-por-mayor","9":"product_tag-tpupc-de-la-fabrica","11":"first","12":"instock","13":"shipping-taxable","14":"product-type-simple"},"jetpack_sharing_enabled":true,"_links":{"self":[{"href":"https:\/\/www.mobile-well.com\/es\/wp-json\/wp\/v2\/product\/117544","targetHints":{"allow":["GET"]}}],"collection":[{"href":"https:\/\/www.mobile-well.com\/es\/wp-json\/wp\/v2\/product"}],"about":[{"href":"https:\/\/www.mobile-well.com\/es\/wp-json\/wp\/v2\/types\/product"}],"wp:featuredmedia":[{"embeddable":true,"href":"https:\/\/www.mobile-well.com\/es\/wp-json\/wp\/v2\/media\/117555"}],"wp:attachment":[{"href":"https:\/\/www.mobile-well.com\/es\/wp-json\/wp\/v2\/media?parent=117544"}],"wp:term":[{"taxonomy":"product_brand","embeddable":true,"href":"https:\/\/www.mobile-well.com\/es\/wp-json\/wp\/v2\/product_brand?post=117544"},{"taxonomy":"product_cat","embeddable":true,"href":"https:\/\/www.mobile-well.com\/es\/wp-json\/wp\/v2\/product_cat?post=117544"},{"taxonomy":"product_tag","embeddable":true,"href":"https:\/\/www.mobile-well.com\/es\/wp-json\/wp\/v2\/product_tag?post=117544"}],"curies":[{"name":"wp","href":"https:\/\/api.w.org\/{rel}","templated":true}]}}