{"id":117597,"date":"2024-03-30T14:57:40","date_gmt":"2024-03-30T06:57:40","guid":{"rendered":"https:\/\/www.mobile-well.com\/?post_type=product&#038;p=117597"},"modified":"2024-03-30T14:59:26","modified_gmt":"2024-03-30T06:59:26","slug":"proveedor-al-por-mayor-tpu-pc-metal-gran-camara-2-en-1-funda-de-telefono-movil","status":"publish","type":"product","link":"https:\/\/www.mobile-well.com\/es\/producto\/proveedor-al-por-mayor-tpu-pc-metal-gran-camara-2-en-1-funda-de-telefono-movil\/","title":{"rendered":"Proveedor al por mayor TPU + PC + metal gran c\u00e1mara 2 en 1 funda de tel\u00e9fono m\u00f3vil"},"content":{"rendered":"","protected":false},"excerpt":{"rendered":"<ul>\n<li>Producto No.:P1503-A01<\/li>\n<li>Material: TPU+PC+Metal C\u00e1mara<\/li>\n<li>Proceso: inyecci\u00f3n de aceite<\/li>\n<li>MOQ: 100pcs\/modelo, 20pcs\/color<\/li>\n<li>Peso neto: 48.9g<\/li>\n<li>Tama\u00f1o de la caja: 60*45*33cm, 500pcs\/ctn, 24.45kg<\/li>\n<\/ul>\n","protected":false},"featured_media":117616,"template":"","meta":[],"product_brand":[],"product_cat":[77],"product_tag":[10063,1315,10061,10062],"class_list":{"0":"post-117597","1":"product","2":"type-product","3":"status-publish","4":"has-post-thumbnail","6":"product_cat-fundas","7":"product_tag-2-en-1-funda-de-telefono-movil","8":"product_tag-funda-2-en-1-2","9":"product_tag-proveedor-al-por-mayor","10":"product_tag-tpu-pc-metal-gran-camara","12":"first","13":"instock","14":"shipping-taxable","15":"product-type-simple"},"jetpack_sharing_enabled":true,"_links":{"self":[{"href":"https:\/\/www.mobile-well.com\/es\/wp-json\/wp\/v2\/product\/117597","targetHints":{"allow":["GET"]}}],"collection":[{"href":"https:\/\/www.mobile-well.com\/es\/wp-json\/wp\/v2\/product"}],"about":[{"href":"https:\/\/www.mobile-well.com\/es\/wp-json\/wp\/v2\/types\/product"}],"wp:featuredmedia":[{"embeddable":true,"href":"https:\/\/www.mobile-well.com\/es\/wp-json\/wp\/v2\/media\/117616"}],"wp:attachment":[{"href":"https:\/\/www.mobile-well.com\/es\/wp-json\/wp\/v2\/media?parent=117597"}],"wp:term":[{"taxonomy":"product_brand","embeddable":true,"href":"https:\/\/www.mobile-well.com\/es\/wp-json\/wp\/v2\/product_brand?post=117597"},{"taxonomy":"product_cat","embeddable":true,"href":"https:\/\/www.mobile-well.com\/es\/wp-json\/wp\/v2\/product_cat?post=117597"},{"taxonomy":"product_tag","embeddable":true,"href":"https:\/\/www.mobile-well.com\/es\/wp-json\/wp\/v2\/product_tag?post=117597"}],"curies":[{"name":"wp","href":"https:\/\/api.w.org\/{rel}","templated":true}]}}