{"id":117618,"date":"2024-03-30T15:12:22","date_gmt":"2024-03-30T07:12:22","guid":{"rendered":"https:\/\/www.mobile-well.com\/?post_type=product&#038;p=117618"},"modified":"2024-03-30T15:14:09","modified_gmt":"2024-03-30T07:14:09","slug":"mayorista-funda-protectora-tpu-magnetica-ecologica-para-movil","status":"publish","type":"product","link":"https:\/\/www.mobile-well.com\/es\/producto\/mayorista-funda-protectora-tpu-magnetica-ecologica-para-movil\/","title":{"rendered":"Mayorista Funda protectora TPU magn\u00e9tica ecol\u00f3gica para m\u00f3vil"},"content":{"rendered":"","protected":false},"excerpt":{"rendered":"<ul>\n<li>Producto NO.:P1503-A06<\/li>\n<li>Material:TPU<\/li>\n<li>Artesan\u00eda:Inyecci\u00f3n de aceite<\/li>\n<li>MOQ:200Pcs\/Modelo,50Pcs\/Color<\/li>\n<\/ul>\n","protected":false},"featured_media":117629,"template":"","meta":[],"product_brand":[],"product_cat":[77],"product_tag":[1124,10065,10064],"class_list":{"0":"post-117618","1":"product","2":"type-product","3":"status-publish","4":"has-post-thumbnail","6":"product_cat-fundas","7":"product_tag-funda-tpu","8":"product_tag-magnetica-ecologica-para-movil","9":"product_tag-mayorista-funda-protectora-tpu","11":"first","12":"instock","13":"shipping-taxable","14":"product-type-simple"},"jetpack_sharing_enabled":true,"_links":{"self":[{"href":"https:\/\/www.mobile-well.com\/es\/wp-json\/wp\/v2\/product\/117618","targetHints":{"allow":["GET"]}}],"collection":[{"href":"https:\/\/www.mobile-well.com\/es\/wp-json\/wp\/v2\/product"}],"about":[{"href":"https:\/\/www.mobile-well.com\/es\/wp-json\/wp\/v2\/types\/product"}],"wp:featuredmedia":[{"embeddable":true,"href":"https:\/\/www.mobile-well.com\/es\/wp-json\/wp\/v2\/media\/117629"}],"wp:attachment":[{"href":"https:\/\/www.mobile-well.com\/es\/wp-json\/wp\/v2\/media?parent=117618"}],"wp:term":[{"taxonomy":"product_brand","embeddable":true,"href":"https:\/\/www.mobile-well.com\/es\/wp-json\/wp\/v2\/product_brand?post=117618"},{"taxonomy":"product_cat","embeddable":true,"href":"https:\/\/www.mobile-well.com\/es\/wp-json\/wp\/v2\/product_cat?post=117618"},{"taxonomy":"product_tag","embeddable":true,"href":"https:\/\/www.mobile-well.com\/es\/wp-json\/wp\/v2\/product_tag?post=117618"}],"curies":[{"name":"wp","href":"https:\/\/api.w.org\/{rel}","templated":true}]}}