{"id":117641,"date":"2024-03-30T15:25:03","date_gmt":"2024-03-30T07:25:03","guid":{"rendered":"https:\/\/www.mobile-well.com\/?post_type=product&#038;p=117641"},"modified":"2024-03-30T16:57:11","modified_gmt":"2024-03-30T08:57:11","slug":"somostel-alta-calidad-tpu-acrilico-transparente-2-en-1-funda-de-telefono-movil","status":"publish","type":"product","link":"https:\/\/www.mobile-well.com\/es\/producto\/somostel-alta-calidad-tpu-acrilico-transparente-2-en-1-funda-de-telefono-movil\/","title":{"rendered":"somostel alta calidad TPU + acr\u00edlico transparente 2 en 1 funda de tel\u00e9fono m\u00f3vil"},"content":{"rendered":"<p><iframe loading=\"lazy\" title=\"alta calidad TPU + acr\u00edlico transparente 2 en 1 funda de tel\u00e9fono m\u00f3vil\" width=\"1020\" height=\"765\" src=\"https:\/\/www.youtube.com\/embed\/R4OTx4viiS4?feature=oembed\" frameborder=\"0\" allow=\"accelerometer; autoplay; clipboard-write; encrypted-media; gyroscope; picture-in-picture; web-share\" referrerpolicy=\"strict-origin-when-cross-origin\" allowfullscreen><\/iframe><\/p>\n","protected":false},"excerpt":{"rendered":"<ul>\n<li>Producto NO.:P1503-A03<\/li>\n<li>Material: TPU + acr\u00edlico + lente de hardware y teclado<\/li>\n<li>Artesan\u00eda:Moldeo por inyecci\u00f3n<\/li>\n<li>MOQ:100Pcs\/Modelo,20Pcs\/Color<\/li>\n<li>N.W. del producto:48.9g<\/li>\n<li>Tama\u00f1o CTN:60*45*33cm,500pcs\/ctn ,24.45kg<\/li>\n<\/ul>\n<p>&nbsp;<\/p>\n","protected":false},"featured_media":117648,"template":"","meta":[],"product_brand":[],"product_cat":[77],"product_tag":[10063,1315,1124,5738,10066,10067],"class_list":{"0":"post-117641","1":"product","2":"type-product","3":"status-publish","4":"has-post-thumbnail","6":"product_cat-fundas","7":"product_tag-2-en-1-funda-de-telefono-movil","8":"product_tag-funda-2-en-1-2","9":"product_tag-funda-tpu","10":"product_tag-moq100","11":"product_tag-somostel-alta-calidad","12":"product_tag-tpu-acrilico-transparente","14":"first","15":"instock","16":"shipping-taxable","17":"product-type-simple"},"jetpack_sharing_enabled":true,"_links":{"self":[{"href":"https:\/\/www.mobile-well.com\/es\/wp-json\/wp\/v2\/product\/117641","targetHints":{"allow":["GET"]}}],"collection":[{"href":"https:\/\/www.mobile-well.com\/es\/wp-json\/wp\/v2\/product"}],"about":[{"href":"https:\/\/www.mobile-well.com\/es\/wp-json\/wp\/v2\/types\/product"}],"wp:featuredmedia":[{"embeddable":true,"href":"https:\/\/www.mobile-well.com\/es\/wp-json\/wp\/v2\/media\/117648"}],"wp:attachment":[{"href":"https:\/\/www.mobile-well.com\/es\/wp-json\/wp\/v2\/media?parent=117641"}],"wp:term":[{"taxonomy":"product_brand","embeddable":true,"href":"https:\/\/www.mobile-well.com\/es\/wp-json\/wp\/v2\/product_brand?post=117641"},{"taxonomy":"product_cat","embeddable":true,"href":"https:\/\/www.mobile-well.com\/es\/wp-json\/wp\/v2\/product_cat?post=117641"},{"taxonomy":"product_tag","embeddable":true,"href":"https:\/\/www.mobile-well.com\/es\/wp-json\/wp\/v2\/product_tag?post=117641"}],"curies":[{"name":"wp","href":"https:\/\/api.w.org\/{rel}","templated":true}]}}