{"id":117669,"date":"2024-04-02T17:19:04","date_gmt":"2024-04-02T09:19:04","guid":{"rendered":"https:\/\/www.mobile-well.com\/?post_type=product&#038;p=117669"},"modified":"2024-04-02T17:50:43","modified_gmt":"2024-04-02T09:50:43","slug":"2024-nueva-caja-anticaida-del-telefono-movil-del-proceso-de-inyeccion-de-aceite-de-tpu","status":"publish","type":"product","link":"https:\/\/www.mobile-well.com\/es\/producto\/2024-nueva-caja-anticaida-del-telefono-movil-del-proceso-de-inyeccion-de-aceite-de-tpu\/","title":{"rendered":"2024 nueva caja antica\u00edda del tel\u00e9fono m\u00f3vil del proceso de inyecci\u00f3n de aceite de TPU"},"content":{"rendered":"<p><iframe loading=\"lazy\" title=\"2024 nueva caja antica\u00edda del tel\u00e9fono m\u00f3vil del proceso de inyecci\u00f3n de aceite de TPU\" width=\"1020\" height=\"765\" src=\"https:\/\/www.youtube.com\/embed\/reZHiWoZZT4?feature=oembed\" frameborder=\"0\" allow=\"accelerometer; autoplay; clipboard-write; encrypted-media; gyroscope; picture-in-picture; web-share\" referrerpolicy=\"strict-origin-when-cross-origin\" allowfullscreen><\/iframe><\/p>\n","protected":false},"excerpt":{"rendered":"<ul>\n<li>Producto NO.:P1503-A16<\/li>\n<li>Material:TPU<\/li>\n<li>Artesan\u00eda: inyecci\u00f3n de aceite<\/li>\n<li>Cantidad m\u00ednima de pedido: 100 unidades\/modelo, 20 unidades\/color.<\/li>\n<li>Peso neto del producto: 48,2 g.<\/li>\n<li>Peso bruto del producto: 66,8 g.<\/li>\n<\/ul>\n","protected":false},"featured_media":117670,"template":"","meta":[],"product_brand":[],"product_cat":[77],"product_tag":[10075,10076,10077],"class_list":{"0":"post-117669","1":"product","2":"type-product","3":"status-publish","4":"has-post-thumbnail","6":"product_cat-fundas","7":"product_tag-2024-nueva-caja-anticaida-del-telefono-movil","8":"product_tag-caja-anticaida-del-telefono-movil","9":"product_tag-inyeccion-de-aceite-de-tpu","11":"first","12":"instock","13":"shipping-taxable","14":"product-type-simple"},"jetpack_sharing_enabled":true,"_links":{"self":[{"href":"https:\/\/www.mobile-well.com\/es\/wp-json\/wp\/v2\/product\/117669","targetHints":{"allow":["GET"]}}],"collection":[{"href":"https:\/\/www.mobile-well.com\/es\/wp-json\/wp\/v2\/product"}],"about":[{"href":"https:\/\/www.mobile-well.com\/es\/wp-json\/wp\/v2\/types\/product"}],"wp:featuredmedia":[{"embeddable":true,"href":"https:\/\/www.mobile-well.com\/es\/wp-json\/wp\/v2\/media\/117670"}],"wp:attachment":[{"href":"https:\/\/www.mobile-well.com\/es\/wp-json\/wp\/v2\/media?parent=117669"}],"wp:term":[{"taxonomy":"product_brand","embeddable":true,"href":"https:\/\/www.mobile-well.com\/es\/wp-json\/wp\/v2\/product_brand?post=117669"},{"taxonomy":"product_cat","embeddable":true,"href":"https:\/\/www.mobile-well.com\/es\/wp-json\/wp\/v2\/product_cat?post=117669"},{"taxonomy":"product_tag","embeddable":true,"href":"https:\/\/www.mobile-well.com\/es\/wp-json\/wp\/v2\/product_tag?post=117669"}],"curies":[{"name":"wp","href":"https:\/\/api.w.org\/{rel}","templated":true}]}}