{"id":118062,"date":"2024-04-29T15:17:25","date_gmt":"2024-04-29T07:17:25","guid":{"rendered":"https:\/\/www.mobile-well.com\/?post_type=product&#038;p=118062"},"modified":"2024-04-29T15:36:18","modified_gmt":"2024-04-29T07:36:18","slug":"muneca-3d-de-alta-calidad-que-imprime-2-en-1-personalizacion-profesional-de-la-caja-del-telefono-movil-de-tpupc","status":"publish","type":"product","link":"https:\/\/www.mobile-well.com\/es\/producto\/muneca-3d-de-alta-calidad-que-imprime-2-en-1-personalizacion-profesional-de-la-caja-del-telefono-movil-de-tpupc\/","title":{"rendered":"Mu\u00f1eca 3d de alta calidad que imprime 2 en 1 personalizaci\u00f3n profesional de la caja del tel\u00e9fono m\u00f3vil de TPU+PC"},"content":{"rendered":"","protected":false},"excerpt":{"rendered":"<ul>\n<li>Producto NO.:P1804-A02<\/li>\n<li>Material:TPU + ordenador personal<\/li>\n<li>Artesan\u00eda: Pintura+epoxi+accesorio<\/li>\n<li>Cantidad m\u00ednima de pedido: 200 unidades\/modelo, 50 unidades\/color.<\/li>\n<li>Peso neto del producto: 48,30 g.<\/li>\n<\/ul>\n","protected":false},"featured_media":118063,"template":"","meta":[],"product_brand":[],"product_cat":[77],"product_tag":[10085,1315,10083,10084],"class_list":{"0":"post-118062","1":"product","2":"type-product","3":"status-publish","4":"has-post-thumbnail","6":"product_cat-fundas","7":"product_tag-caja-del-telefono-movil-de-tpupc","8":"product_tag-funda-2-en-1-2","9":"product_tag-muneca-3d-de-alta-calidad-que-imprime","10":"product_tag-profesional-de-la-caja-del-telefono-movil","12":"first","13":"instock","14":"shipping-taxable","15":"product-type-simple"},"jetpack_sharing_enabled":true,"_links":{"self":[{"href":"https:\/\/www.mobile-well.com\/es\/wp-json\/wp\/v2\/product\/118062","targetHints":{"allow":["GET"]}}],"collection":[{"href":"https:\/\/www.mobile-well.com\/es\/wp-json\/wp\/v2\/product"}],"about":[{"href":"https:\/\/www.mobile-well.com\/es\/wp-json\/wp\/v2\/types\/product"}],"wp:featuredmedia":[{"embeddable":true,"href":"https:\/\/www.mobile-well.com\/es\/wp-json\/wp\/v2\/media\/118063"}],"wp:attachment":[{"href":"https:\/\/www.mobile-well.com\/es\/wp-json\/wp\/v2\/media?parent=118062"}],"wp:term":[{"taxonomy":"product_brand","embeddable":true,"href":"https:\/\/www.mobile-well.com\/es\/wp-json\/wp\/v2\/product_brand?post=118062"},{"taxonomy":"product_cat","embeddable":true,"href":"https:\/\/www.mobile-well.com\/es\/wp-json\/wp\/v2\/product_cat?post=118062"},{"taxonomy":"product_tag","embeddable":true,"href":"https:\/\/www.mobile-well.com\/es\/wp-json\/wp\/v2\/product_tag?post=118062"}],"curies":[{"name":"wp","href":"https:\/\/api.w.org\/{rel}","templated":true}]}}