{"id":118075,"date":"2024-04-29T15:22:51","date_gmt":"2024-04-29T07:22:51","guid":{"rendered":"https:\/\/www.mobile-well.com\/?post_type=product&#038;p=118075"},"modified":"2024-04-29T15:35:30","modified_gmt":"2024-04-29T07:35:30","slug":"venta-al-por-mayor-tpupc-2-en-1-promocion-del-precio-de-fabrica-de-la-caja-del-telefono-movil","status":"publish","type":"product","link":"https:\/\/www.mobile-well.com\/es\/producto\/venta-al-por-mayor-tpupc-2-en-1-promocion-del-precio-de-fabrica-de-la-caja-del-telefono-movil\/","title":{"rendered":"Venta al por mayor TPU+PC 2 en 1 promoci\u00f3n del precio de f\u00e1brica de la caja del tel\u00e9fono m\u00f3vil"},"content":{"rendered":"","protected":false},"excerpt":{"rendered":"<ul>\n<li>Producto NO.:P1804-A09<\/li>\n<li>Material:TPU + ordenador personal<\/li>\n<li>Artesan\u00eda: Pintura + Epoxi + Accesorios<\/li>\n<li>Cantidad m\u00ednima de pedido: 200 unidades\/modelo, 50 unidades\/color.<\/li>\n<li>Peso neto del producto: 42,10 g.<\/li>\n<\/ul>\n","protected":false},"featured_media":118090,"template":"","meta":[],"product_brand":[],"product_cat":[77],"product_tag":[10086,1315,2773],"class_list":{"0":"post-118075","1":"product","2":"type-product","3":"status-publish","4":"has-post-thumbnail","6":"product_cat-fundas","7":"product_tag-del-precio-de-fabrica-de-la-caja-del-telefono-movil","8":"product_tag-funda-2-en-1-2","9":"product_tag-funda-tpupc","11":"first","12":"instock","13":"shipping-taxable","14":"product-type-simple"},"jetpack_sharing_enabled":true,"_links":{"self":[{"href":"https:\/\/www.mobile-well.com\/es\/wp-json\/wp\/v2\/product\/118075","targetHints":{"allow":["GET"]}}],"collection":[{"href":"https:\/\/www.mobile-well.com\/es\/wp-json\/wp\/v2\/product"}],"about":[{"href":"https:\/\/www.mobile-well.com\/es\/wp-json\/wp\/v2\/types\/product"}],"wp:featuredmedia":[{"embeddable":true,"href":"https:\/\/www.mobile-well.com\/es\/wp-json\/wp\/v2\/media\/118090"}],"wp:attachment":[{"href":"https:\/\/www.mobile-well.com\/es\/wp-json\/wp\/v2\/media?parent=118075"}],"wp:term":[{"taxonomy":"product_brand","embeddable":true,"href":"https:\/\/www.mobile-well.com\/es\/wp-json\/wp\/v2\/product_brand?post=118075"},{"taxonomy":"product_cat","embeddable":true,"href":"https:\/\/www.mobile-well.com\/es\/wp-json\/wp\/v2\/product_cat?post=118075"},{"taxonomy":"product_tag","embeddable":true,"href":"https:\/\/www.mobile-well.com\/es\/wp-json\/wp\/v2\/product_tag?post=118075"}],"curies":[{"name":"wp","href":"https:\/\/api.w.org\/{rel}","templated":true}]}}