{"id":118098,"date":"2024-04-29T15:40:49","date_gmt":"2024-04-29T07:40:49","guid":{"rendered":"https:\/\/www.mobile-well.com\/?post_type=product&#038;p=118098"},"modified":"2024-04-29T15:41:29","modified_gmt":"2024-04-29T07:41:29","slug":"venta-al-por-mayor-de-fabrica-2-en-1-caja-pintada-de-tpupc-para-telefono-movil","status":"publish","type":"product","link":"https:\/\/www.mobile-well.com\/es\/producto\/venta-al-por-mayor-de-fabrica-2-en-1-caja-pintada-de-tpupc-para-telefono-movil\/","title":{"rendered":"Venta al por mayor de f\u00e1brica 2 en 1 caja pintada de TPU+PC para tel\u00e9fono m\u00f3vil"},"content":{"rendered":"","protected":false},"excerpt":{"rendered":"<ul>\n<li>Producto NO.:P1804-A01<\/li>\n<li>Material:TPU + ordenador personal<\/li>\n<li>Artesan\u00eda: pintura + epoxi + hilo dorado.<\/li>\n<li>Cantidad m\u00ednima de pedido: 200 unidades\/modelo, 50 unidades\/color.<\/li>\n<li>Peso neto del producto: 40,30 g.<\/li>\n<\/ul>\n","protected":false},"featured_media":118103,"template":"","meta":[],"product_brand":[],"product_cat":[77],"product_tag":[10088,10089,10087],"class_list":{"0":"post-118098","1":"product","2":"type-product","3":"status-publish","4":"has-post-thumbnail","6":"product_cat-fundas","7":"product_tag-2-en-1-caja-pintada","8":"product_tag-tpupc-para-telefono-movil","9":"product_tag-venta-al-por-mayor-de-fabrica","11":"first","12":"instock","13":"shipping-taxable","14":"product-type-simple"},"jetpack_sharing_enabled":true,"_links":{"self":[{"href":"https:\/\/www.mobile-well.com\/es\/wp-json\/wp\/v2\/product\/118098","targetHints":{"allow":["GET"]}}],"collection":[{"href":"https:\/\/www.mobile-well.com\/es\/wp-json\/wp\/v2\/product"}],"about":[{"href":"https:\/\/www.mobile-well.com\/es\/wp-json\/wp\/v2\/types\/product"}],"wp:featuredmedia":[{"embeddable":true,"href":"https:\/\/www.mobile-well.com\/es\/wp-json\/wp\/v2\/media\/118103"}],"wp:attachment":[{"href":"https:\/\/www.mobile-well.com\/es\/wp-json\/wp\/v2\/media?parent=118098"}],"wp:term":[{"taxonomy":"product_brand","embeddable":true,"href":"https:\/\/www.mobile-well.com\/es\/wp-json\/wp\/v2\/product_brand?post=118098"},{"taxonomy":"product_cat","embeddable":true,"href":"https:\/\/www.mobile-well.com\/es\/wp-json\/wp\/v2\/product_cat?post=118098"},{"taxonomy":"product_tag","embeddable":true,"href":"https:\/\/www.mobile-well.com\/es\/wp-json\/wp\/v2\/product_tag?post=118098"}],"curies":[{"name":"wp","href":"https:\/\/api.w.org\/{rel}","templated":true}]}}