{"id":118109,"date":"2024-04-29T15:47:14","date_gmt":"2024-04-29T07:47:14","guid":{"rendered":"https:\/\/www.mobile-well.com\/?post_type=product&#038;p=118109"},"modified":"2024-04-29T15:48:11","modified_gmt":"2024-04-29T07:48:11","slug":"pc-vendedora-caliente-2-en-1-cubierta-protectora-a-prueba-de-golpes-del-diseno-de-la-forma-del-corazon-de-la-caja-del-telefono-del-silicon","status":"publish","type":"product","link":"https:\/\/www.mobile-well.com\/es\/producto\/pc-vendedora-caliente-2-en-1-cubierta-protectora-a-prueba-de-golpes-del-diseno-de-la-forma-del-corazon-de-la-caja-del-telefono-del-silicon\/","title":{"rendered":"PC vendedora caliente 2 en 1 cubierta protectora a prueba de golpes del dise\u00f1o de la forma del coraz\u00f3n de la caja del tel\u00e9fono del silic\u00f3n"},"content":{"rendered":"","protected":false},"excerpt":{"rendered":"<ul>\n<li>Producto NO.:P1804-A16<\/li>\n<li>Material: PC + silicona<\/li>\n<li>Artesan\u00eda: Epoxi + Accesorios<\/li>\n<li>Cantidad m\u00ednima de pedido: 200 unidades\/modelo, 50 unidades\/color.<\/li>\n<li>Peso neto del producto: 58,00 g.<\/li>\n<\/ul>\n","protected":false},"featured_media":118124,"template":"","meta":[],"product_brand":[],"product_cat":[77],"product_tag":[10092,10090,10091],"class_list":{"0":"post-118109","1":"product","2":"type-product","3":"status-publish","4":"has-post-thumbnail","6":"product_cat-fundas","7":"product_tag-la-caja-del-telefono-del-silicon","8":"product_tag-pc-vendedora-caliente-2-en-1-cubierta-protectora","9":"product_tag-prueba-de-golpes-del-diseno","11":"first","12":"instock","13":"shipping-taxable","14":"product-type-simple"},"jetpack_sharing_enabled":true,"_links":{"self":[{"href":"https:\/\/www.mobile-well.com\/es\/wp-json\/wp\/v2\/product\/118109","targetHints":{"allow":["GET"]}}],"collection":[{"href":"https:\/\/www.mobile-well.com\/es\/wp-json\/wp\/v2\/product"}],"about":[{"href":"https:\/\/www.mobile-well.com\/es\/wp-json\/wp\/v2\/types\/product"}],"wp:featuredmedia":[{"embeddable":true,"href":"https:\/\/www.mobile-well.com\/es\/wp-json\/wp\/v2\/media\/118124"}],"wp:attachment":[{"href":"https:\/\/www.mobile-well.com\/es\/wp-json\/wp\/v2\/media?parent=118109"}],"wp:term":[{"taxonomy":"product_brand","embeddable":true,"href":"https:\/\/www.mobile-well.com\/es\/wp-json\/wp\/v2\/product_brand?post=118109"},{"taxonomy":"product_cat","embeddable":true,"href":"https:\/\/www.mobile-well.com\/es\/wp-json\/wp\/v2\/product_cat?post=118109"},{"taxonomy":"product_tag","embeddable":true,"href":"https:\/\/www.mobile-well.com\/es\/wp-json\/wp\/v2\/product_tag?post=118109"}],"curies":[{"name":"wp","href":"https:\/\/api.w.org\/{rel}","templated":true}]}}