{"id":118126,"date":"2024-04-29T15:53:45","date_gmt":"2024-04-29T07:53:45","guid":{"rendered":"https:\/\/www.mobile-well.com\/?post_type=product&#038;p=118126"},"modified":"2024-04-29T15:54:43","modified_gmt":"2024-04-29T07:54:43","slug":"nuevo-venta-al-por-mayor-tpu-pc-2-en-1-funda-para-telefono-movil-diseno-pintado","status":"publish","type":"product","link":"https:\/\/www.mobile-well.com\/es\/producto\/nuevo-venta-al-por-mayor-tpu-pc-2-en-1-funda-para-telefono-movil-diseno-pintado\/","title":{"rendered":"Nuevo Venta al por mayor TPU + PC 2 en 1 funda para tel\u00e9fono m\u00f3vil dise\u00f1o pintado"},"content":{"rendered":"","protected":false},"excerpt":{"rendered":"<ul>\n<li>Producto NO.:P1804-A13<\/li>\n<li>Material:TPU + ordenador personal<\/li>\n<li>Artesan\u00eda: pintura + epoxi + hilo dorado.<\/li>\n<li>Cantidad m\u00ednima de pedido: 200 unidades\/modelo, 50 unidades\/color.<\/li>\n<li>Peso neto del producto: 37,90 g.<\/li>\n<\/ul>\n","protected":false},"featured_media":118131,"template":"","meta":[],"product_brand":[],"product_cat":[77],"product_tag":[8321,10093,10094],"class_list":{"0":"post-118126","1":"product","2":"type-product","3":"status-publish","4":"has-post-thumbnail","6":"product_cat-fundas","7":"product_tag-2-en-1-funda-para-telefono-movil","8":"product_tag-nuevo-venta-al-por-mayor","9":"product_tag-tpu-pc-2-en-1-funda","11":"first","12":"instock","13":"shipping-taxable","14":"product-type-simple"},"jetpack_sharing_enabled":true,"_links":{"self":[{"href":"https:\/\/www.mobile-well.com\/es\/wp-json\/wp\/v2\/product\/118126","targetHints":{"allow":["GET"]}}],"collection":[{"href":"https:\/\/www.mobile-well.com\/es\/wp-json\/wp\/v2\/product"}],"about":[{"href":"https:\/\/www.mobile-well.com\/es\/wp-json\/wp\/v2\/types\/product"}],"wp:featuredmedia":[{"embeddable":true,"href":"https:\/\/www.mobile-well.com\/es\/wp-json\/wp\/v2\/media\/118131"}],"wp:attachment":[{"href":"https:\/\/www.mobile-well.com\/es\/wp-json\/wp\/v2\/media?parent=118126"}],"wp:term":[{"taxonomy":"product_brand","embeddable":true,"href":"https:\/\/www.mobile-well.com\/es\/wp-json\/wp\/v2\/product_brand?post=118126"},{"taxonomy":"product_cat","embeddable":true,"href":"https:\/\/www.mobile-well.com\/es\/wp-json\/wp\/v2\/product_cat?post=118126"},{"taxonomy":"product_tag","embeddable":true,"href":"https:\/\/www.mobile-well.com\/es\/wp-json\/wp\/v2\/product_tag?post=118126"}],"curies":[{"name":"wp","href":"https:\/\/api.w.org\/{rel}","templated":true}]}}