{"id":118176,"date":"2024-04-30T16:15:49","date_gmt":"2024-04-30T08:15:49","guid":{"rendered":"https:\/\/www.mobile-well.com\/?post_type=product&#038;p=118176"},"modified":"2024-04-30T16:17:21","modified_gmt":"2024-04-30T08:17:21","slug":"precio-al-por-mayor-nuevo-tpupc-2-en-1-caja-respetuosa-del-medio-ambiente-galvanizada-del-telefono-movil-del-marco-de-la-camara","status":"publish","type":"product","link":"https:\/\/www.mobile-well.com\/es\/producto\/precio-al-por-mayor-nuevo-tpupc-2-en-1-caja-respetuosa-del-medio-ambiente-galvanizada-del-telefono-movil-del-marco-de-la-camara\/","title":{"rendered":"Precio al por mayor nuevo TPU+PC 2 en 1 caja respetuosa del medio ambiente galvanizada del tel\u00e9fono m\u00f3vil del marco de la c\u00e1mara"},"content":{"rendered":"","protected":false},"excerpt":{"rendered":"<ul>\n<li>Producto NO.:P1804-A07<\/li>\n<li>Material:TPU + ordenador personal<\/li>\n<li>Artesan\u00eda: c\u00e1mara galvanizada + pintura + epoxi<\/li>\n<li>Cantidad m\u00ednima de pedido: 200 unidades\/modelo, 50 unidades\/color.<\/li>\n<li>Peso neto del producto: 35,70 g.<\/li>\n<\/ul>\n","protected":false},"featured_media":118193,"template":"","meta":[],"product_brand":[],"product_cat":[77],"product_tag":[10119,10117,10118],"class_list":{"0":"post-118176","1":"product","2":"type-product","3":"status-publish","4":"has-post-thumbnail","6":"product_cat-fundas","7":"product_tag-del-telefono-movil-del-marco-de-la-camara","8":"product_tag-precio-al-por-mayor-nuevo","9":"product_tag-tpupc-2-en-1-caja-respetuosa-del-medio","11":"first","12":"instock","13":"shipping-taxable","14":"product-type-simple"},"jetpack_sharing_enabled":true,"_links":{"self":[{"href":"https:\/\/www.mobile-well.com\/es\/wp-json\/wp\/v2\/product\/118176","targetHints":{"allow":["GET"]}}],"collection":[{"href":"https:\/\/www.mobile-well.com\/es\/wp-json\/wp\/v2\/product"}],"about":[{"href":"https:\/\/www.mobile-well.com\/es\/wp-json\/wp\/v2\/types\/product"}],"wp:featuredmedia":[{"embeddable":true,"href":"https:\/\/www.mobile-well.com\/es\/wp-json\/wp\/v2\/media\/118193"}],"wp:attachment":[{"href":"https:\/\/www.mobile-well.com\/es\/wp-json\/wp\/v2\/media?parent=118176"}],"wp:term":[{"taxonomy":"product_brand","embeddable":true,"href":"https:\/\/www.mobile-well.com\/es\/wp-json\/wp\/v2\/product_brand?post=118176"},{"taxonomy":"product_cat","embeddable":true,"href":"https:\/\/www.mobile-well.com\/es\/wp-json\/wp\/v2\/product_cat?post=118176"},{"taxonomy":"product_tag","embeddable":true,"href":"https:\/\/www.mobile-well.com\/es\/wp-json\/wp\/v2\/product_tag?post=118176"}],"curies":[{"name":"wp","href":"https:\/\/api.w.org\/{rel}","templated":true}]}}