{"id":118251,"date":"2024-04-30T16:50:00","date_gmt":"2024-04-30T08:50:00","guid":{"rendered":"https:\/\/www.mobile-well.com\/?post_type=product&#038;p=118251"},"modified":"2024-04-30T16:50:48","modified_gmt":"2024-04-30T08:50:48","slug":"venta-al-por-mayor-de-alta-calidad-tpupc-2-en-1-caja-impermeable-del-telefono-movil-con-los-accesorios-de-la-muneca","status":"publish","type":"product","link":"https:\/\/www.mobile-well.com\/es\/producto\/venta-al-por-mayor-de-alta-calidad-tpupc-2-en-1-caja-impermeable-del-telefono-movil-con-los-accesorios-de-la-muneca\/","title":{"rendered":"Venta al por mayor de alta calidad TPU+PC 2 en 1 caja impermeable del tel\u00e9fono m\u00f3vil con los accesorios de la mu\u00f1eca"},"content":{"rendered":"","protected":false},"excerpt":{"rendered":"<ul>\n<li>Producto NO.:P1804-A03<\/li>\n<li>Material:TPU + ordenador personal<\/li>\n<li>Artesan\u00eda: c\u00e1mara galvanizada + pintura + epoxi + accesorios para mu\u00f1ecas de inicio.<\/li>\n<li>Cantidad m\u00ednima de pedido: 200 unidades\/modelo, 50 unidades\/color.<\/li>\n<li>Peso neto del producto: 41,60 g.<\/li>\n<\/ul>\n","protected":false},"featured_media":118260,"template":"","meta":[],"product_brand":[],"product_cat":[77],"product_tag":[10122,10123,2773,10121],"class_list":{"0":"post-118251","1":"product","2":"type-product","3":"status-publish","4":"has-post-thumbnail","6":"product_cat-fundas","7":"product_tag-2-en-1-caja-impermeable-del-telefono-movil","8":"product_tag-con-los-accesorios-de-la-muneca","9":"product_tag-funda-tpupc","10":"product_tag-venta-al-por-mayor-de-alta-calidad","12":"first","13":"instock","14":"shipping-taxable","15":"product-type-simple"},"jetpack_sharing_enabled":true,"_links":{"self":[{"href":"https:\/\/www.mobile-well.com\/es\/wp-json\/wp\/v2\/product\/118251","targetHints":{"allow":["GET"]}}],"collection":[{"href":"https:\/\/www.mobile-well.com\/es\/wp-json\/wp\/v2\/product"}],"about":[{"href":"https:\/\/www.mobile-well.com\/es\/wp-json\/wp\/v2\/types\/product"}],"wp:featuredmedia":[{"embeddable":true,"href":"https:\/\/www.mobile-well.com\/es\/wp-json\/wp\/v2\/media\/118260"}],"wp:attachment":[{"href":"https:\/\/www.mobile-well.com\/es\/wp-json\/wp\/v2\/media?parent=118251"}],"wp:term":[{"taxonomy":"product_brand","embeddable":true,"href":"https:\/\/www.mobile-well.com\/es\/wp-json\/wp\/v2\/product_brand?post=118251"},{"taxonomy":"product_cat","embeddable":true,"href":"https:\/\/www.mobile-well.com\/es\/wp-json\/wp\/v2\/product_cat?post=118251"},{"taxonomy":"product_tag","embeddable":true,"href":"https:\/\/www.mobile-well.com\/es\/wp-json\/wp\/v2\/product_tag?post=118251"}],"curies":[{"name":"wp","href":"https:\/\/api.w.org\/{rel}","templated":true}]}}