{"id":118291,"date":"2024-04-30T16:58:55","date_gmt":"2024-04-30T08:58:55","guid":{"rendered":"https:\/\/www.mobile-well.com\/?post_type=product&#038;p=118291"},"modified":"2024-04-30T16:59:25","modified_gmt":"2024-04-30T08:59:25","slug":"venta-al-por-mayor-directa-de-fabrica-tpupc-2-en-1-caja-del-telefono-movil-con-diseno-de-mariposa-accessoriesbracelet","status":"publish","type":"product","link":"https:\/\/www.mobile-well.com\/es\/producto\/venta-al-por-mayor-directa-de-fabrica-tpupc-2-en-1-caja-del-telefono-movil-con-diseno-de-mariposa-accessoriesbracelet\/","title":{"rendered":"Venta al por mayor directa de f\u00e1brica TPU+PC 2 en 1 caja del tel\u00e9fono m\u00f3vil con dise\u00f1o de mariposa Accessories+Bracelet"},"content":{"rendered":"","protected":false},"excerpt":{"rendered":"<ul>\n<li>Producto NO.:P1804-A08<\/li>\n<li>Material:TPU + ordenador personal<\/li>\n<li>Artesan\u00eda: Epoxi+Cadena+Accesorios<\/li>\n<li>Cantidad m\u00ednima de pedido: 200 unidades\/modelo, 50 unidades\/color.<\/li>\n<li>Peso neto del producto: 53,70 g.<\/li>\n<\/ul>\n","protected":false},"featured_media":118300,"template":"","meta":[],"product_brand":[],"product_cat":[77],"product_tag":[10129,10128,10127],"class_list":{"0":"post-118291","1":"product","2":"type-product","3":"status-publish","4":"has-post-thumbnail","6":"product_cat-fundas","7":"product_tag-diseno-de-mariposa-accessoriesbracelet","8":"product_tag-tpupc-2-en-1-caja-del-telefono-movil","9":"product_tag-venta-al-por-mayor-directa-de-fabrica","11":"first","12":"instock","13":"shipping-taxable","14":"product-type-simple"},"jetpack_sharing_enabled":true,"_links":{"self":[{"href":"https:\/\/www.mobile-well.com\/es\/wp-json\/wp\/v2\/product\/118291","targetHints":{"allow":["GET"]}}],"collection":[{"href":"https:\/\/www.mobile-well.com\/es\/wp-json\/wp\/v2\/product"}],"about":[{"href":"https:\/\/www.mobile-well.com\/es\/wp-json\/wp\/v2\/types\/product"}],"wp:featuredmedia":[{"embeddable":true,"href":"https:\/\/www.mobile-well.com\/es\/wp-json\/wp\/v2\/media\/118300"}],"wp:attachment":[{"href":"https:\/\/www.mobile-well.com\/es\/wp-json\/wp\/v2\/media?parent=118291"}],"wp:term":[{"taxonomy":"product_brand","embeddable":true,"href":"https:\/\/www.mobile-well.com\/es\/wp-json\/wp\/v2\/product_brand?post=118291"},{"taxonomy":"product_cat","embeddable":true,"href":"https:\/\/www.mobile-well.com\/es\/wp-json\/wp\/v2\/product_cat?post=118291"},{"taxonomy":"product_tag","embeddable":true,"href":"https:\/\/www.mobile-well.com\/es\/wp-json\/wp\/v2\/product_tag?post=118291"}],"curies":[{"name":"wp","href":"https:\/\/api.w.org\/{rel}","templated":true}]}}