{"id":118322,"date":"2024-04-30T17:07:44","date_gmt":"2024-04-30T09:07:44","guid":{"rendered":"https:\/\/www.mobile-well.com\/?post_type=product&#038;p=118322"},"modified":"2024-04-30T17:08:16","modified_gmt":"2024-04-30T09:08:16","slug":"venta-al-por-mayor-de-alta-calidad-anti-caida-tpupc-2-en-1-caja-del-telefono-movil","status":"publish","type":"product","link":"https:\/\/www.mobile-well.com\/es\/producto\/venta-al-por-mayor-de-alta-calidad-anti-caida-tpupc-2-en-1-caja-del-telefono-movil\/","title":{"rendered":"Venta al por mayor de alta calidad Anti-ca\u00edda TPU+PC 2 en 1 caja del tel\u00e9fono m\u00f3vil"},"content":{"rendered":"","protected":false},"excerpt":{"rendered":"<ul>\n<li>Producto NO.:P1804-A11<\/li>\n<li>Material:TPU + ordenador personal<\/li>\n<li>Artesan\u00eda: Epoxi + Cadena + Accesorios<\/li>\n<li>Cantidad m\u00ednima de pedido: 200 unidades\/modelo, 50 unidades\/color.<\/li>\n<li>Peso neto del producto: 45,60 g.<\/li>\n<\/ul>\n","protected":false},"featured_media":118331,"template":"","meta":[],"product_brand":[],"product_cat":[77],"product_tag":[10128,10133],"class_list":{"0":"post-118322","1":"product","2":"type-product","3":"status-publish","4":"has-post-thumbnail","6":"product_cat-fundas","7":"product_tag-tpupc-2-en-1-caja-del-telefono-movil","8":"product_tag-venta-al-por-mayor-de-alta-calidad-anti-caida","10":"first","11":"instock","12":"shipping-taxable","13":"product-type-simple"},"jetpack_sharing_enabled":true,"_links":{"self":[{"href":"https:\/\/www.mobile-well.com\/es\/wp-json\/wp\/v2\/product\/118322","targetHints":{"allow":["GET"]}}],"collection":[{"href":"https:\/\/www.mobile-well.com\/es\/wp-json\/wp\/v2\/product"}],"about":[{"href":"https:\/\/www.mobile-well.com\/es\/wp-json\/wp\/v2\/types\/product"}],"wp:featuredmedia":[{"embeddable":true,"href":"https:\/\/www.mobile-well.com\/es\/wp-json\/wp\/v2\/media\/118331"}],"wp:attachment":[{"href":"https:\/\/www.mobile-well.com\/es\/wp-json\/wp\/v2\/media?parent=118322"}],"wp:term":[{"taxonomy":"product_brand","embeddable":true,"href":"https:\/\/www.mobile-well.com\/es\/wp-json\/wp\/v2\/product_brand?post=118322"},{"taxonomy":"product_cat","embeddable":true,"href":"https:\/\/www.mobile-well.com\/es\/wp-json\/wp\/v2\/product_cat?post=118322"},{"taxonomy":"product_tag","embeddable":true,"href":"https:\/\/www.mobile-well.com\/es\/wp-json\/wp\/v2\/product_tag?post=118322"}],"curies":[{"name":"wp","href":"https:\/\/api.w.org\/{rel}","templated":true}]}}