{"id":118368,"date":"2024-05-08T14:41:07","date_gmt":"2024-05-08T06:41:07","guid":{"rendered":"https:\/\/www.mobile-well.com\/?post_type=product&#038;p=118368"},"modified":"2024-05-08T14:42:07","modified_gmt":"2024-05-08T06:42:07","slug":"venta-al-por-mayor-de-la-fabrica-de-accesorios-para-telefonos-moviles-tpu-pc-2-en-1-funda-de-telefono-movil-con-la-cadena","status":"publish","type":"product","link":"https:\/\/www.mobile-well.com\/es\/producto\/venta-al-por-mayor-de-la-fabrica-de-accesorios-para-telefonos-moviles-tpu-pc-2-en-1-funda-de-telefono-movil-con-la-cadena\/","title":{"rendered":"Venta al por mayor de la f\u00e1brica de accesorios para tel\u00e9fonos m\u00f3viles Tpu + PC 2 En 1 funda de tel\u00e9fono m\u00f3vil con la cadena"},"content":{"rendered":"","protected":false},"excerpt":{"rendered":"<ul>\n<li>Producto NO.:P1804-A05<\/li>\n<li>Material:TPU+PC<\/li>\n<li>Artesan\u00eda:Electrochapado c\u00e1mara+pintura+Epoxy+cadena<\/li>\n<li>MOQ:200Pcs\/Modelo,50Pcs\/Color<\/li>\n<li>N.W. del producto:52.00g<\/li>\n<\/ul>\n","protected":false},"featured_media":118369,"template":"","meta":[],"product_brand":[],"product_cat":[77],"product_tag":[10155,10156,10154],"class_list":{"0":"post-118368","1":"product","2":"type-product","3":"status-publish","4":"has-post-thumbnail","6":"product_cat-fundas","7":"product_tag-accesorios-para-telefonos-moviles","8":"product_tag-tpu-pc-2-en-1-funda-de-telefono-movil","9":"product_tag-venta-al-por-mayor-de-la-fabrica","11":"first","12":"instock","13":"shipping-taxable","14":"product-type-simple"},"jetpack_sharing_enabled":true,"_links":{"self":[{"href":"https:\/\/www.mobile-well.com\/es\/wp-json\/wp\/v2\/product\/118368","targetHints":{"allow":["GET"]}}],"collection":[{"href":"https:\/\/www.mobile-well.com\/es\/wp-json\/wp\/v2\/product"}],"about":[{"href":"https:\/\/www.mobile-well.com\/es\/wp-json\/wp\/v2\/types\/product"}],"wp:featuredmedia":[{"embeddable":true,"href":"https:\/\/www.mobile-well.com\/es\/wp-json\/wp\/v2\/media\/118369"}],"wp:attachment":[{"href":"https:\/\/www.mobile-well.com\/es\/wp-json\/wp\/v2\/media?parent=118368"}],"wp:term":[{"taxonomy":"product_brand","embeddable":true,"href":"https:\/\/www.mobile-well.com\/es\/wp-json\/wp\/v2\/product_brand?post=118368"},{"taxonomy":"product_cat","embeddable":true,"href":"https:\/\/www.mobile-well.com\/es\/wp-json\/wp\/v2\/product_cat?post=118368"},{"taxonomy":"product_tag","embeddable":true,"href":"https:\/\/www.mobile-well.com\/es\/wp-json\/wp\/v2\/product_tag?post=118368"}],"curies":[{"name":"wp","href":"https:\/\/api.w.org\/{rel}","templated":true}]}}