{"id":118434,"date":"2024-06-03T16:03:41","date_gmt":"2024-06-03T08:03:41","guid":{"rendered":"https:\/\/www.mobile-well.com\/?post_type=product&#038;p=118434"},"modified":"2024-06-03T16:05:13","modified_gmt":"2024-06-03T08:05:13","slug":"nueva-caja-multifuncional-al-por-mayor-del-telefono-movil-con-el-bolsillo-de-la-tarjeta-magnetica","status":"publish","type":"product","link":"https:\/\/www.mobile-well.com\/es\/producto\/nueva-caja-multifuncional-al-por-mayor-del-telefono-movil-con-el-bolsillo-de-la-tarjeta-magnetica\/","title":{"rendered":"Nueva caja multifuncional al por mayor del tel\u00e9fono m\u00f3vil con el bolsillo de la tarjeta magn\u00e9tica"},"content":{"rendered":"","protected":false},"excerpt":{"rendered":"<ul>\n<li>Producto NO.:P2305-A2<\/li>\n<li>Material:TPU+PC+Pu+franela<\/li>\n<li>Artesan\u00eda: moldeo por inyecci\u00f3n con desollado.<\/li>\n<li>Cantidad m\u00ednima de pedido: 50 unidades\/modelo, 10 unidades\/color.<\/li>\n<li>Peso neto del producto: 115,60 g.<\/li>\n<\/ul>\n","protected":false},"featured_media":118447,"template":"","meta":[],"product_brand":[],"product_cat":[77],"product_tag":[10166,10167],"class_list":{"0":"post-118434","1":"product","2":"type-product","3":"status-publish","4":"has-post-thumbnail","6":"product_cat-fundas","7":"product_tag-caja-multifuncional-al-por-mayor-del-telefono-movil","8":"product_tag-con-el-bolsillo-de-la-tarjeta-magnetica","10":"first","11":"instock","12":"shipping-taxable","13":"product-type-simple"},"jetpack_sharing_enabled":true,"_links":{"self":[{"href":"https:\/\/www.mobile-well.com\/es\/wp-json\/wp\/v2\/product\/118434","targetHints":{"allow":["GET"]}}],"collection":[{"href":"https:\/\/www.mobile-well.com\/es\/wp-json\/wp\/v2\/product"}],"about":[{"href":"https:\/\/www.mobile-well.com\/es\/wp-json\/wp\/v2\/types\/product"}],"wp:featuredmedia":[{"embeddable":true,"href":"https:\/\/www.mobile-well.com\/es\/wp-json\/wp\/v2\/media\/118447"}],"wp:attachment":[{"href":"https:\/\/www.mobile-well.com\/es\/wp-json\/wp\/v2\/media?parent=118434"}],"wp:term":[{"taxonomy":"product_brand","embeddable":true,"href":"https:\/\/www.mobile-well.com\/es\/wp-json\/wp\/v2\/product_brand?post=118434"},{"taxonomy":"product_cat","embeddable":true,"href":"https:\/\/www.mobile-well.com\/es\/wp-json\/wp\/v2\/product_cat?post=118434"},{"taxonomy":"product_tag","embeddable":true,"href":"https:\/\/www.mobile-well.com\/es\/wp-json\/wp\/v2\/product_tag?post=118434"}],"curies":[{"name":"wp","href":"https:\/\/api.w.org\/{rel}","templated":true}]}}