{"id":118478,"date":"2024-06-03T16:41:51","date_gmt":"2024-06-03T08:41:51","guid":{"rendered":"https:\/\/www.mobile-well.com\/?post_type=product&#038;p=118478"},"modified":"2024-06-03T16:41:56","modified_gmt":"2024-06-03T08:41:56","slug":"caja-anticaida-para-telefono-movil-2-en-1-a-precio-de-fabrica-con-soporte-de-metal","status":"publish","type":"product","link":"https:\/\/www.mobile-well.com\/es\/producto\/caja-anticaida-para-telefono-movil-2-en-1-a-precio-de-fabrica-con-soporte-de-metal\/","title":{"rendered":"Caja antica\u00edda para tel\u00e9fono m\u00f3vil 2 en 1 a precio de f\u00e1brica con soporte de metal"},"content":{"rendered":"","protected":false},"excerpt":{"rendered":"<ul>\n<li>Producto NO.:P2305-A3<\/li>\n<li>Material: TPU + PC + im\u00e1n<\/li>\n<li>Artesan\u00eda: color cerveza+llaves de hardware galvanizadas.<\/li>\n<li>Cantidad m\u00ednima de pedido: 50 unidades\/modelo, 10 unidades\/color.<\/li>\n<li>Peso neto del producto: 52,40 g.<\/li>\n<\/ul>\n","protected":false},"featured_media":118481,"template":"","meta":[],"product_brand":[],"product_cat":[77],"product_tag":[10170,1315,10171],"class_list":{"0":"post-118478","1":"product","2":"type-product","3":"status-publish","4":"has-post-thumbnail","6":"product_cat-fundas","7":"product_tag-caja-anticaida-para-telefono-movil-2-en-1","8":"product_tag-funda-2-en-1-2","9":"product_tag-precio-de-fabrica","11":"first","12":"instock","13":"shipping-taxable","14":"product-type-simple"},"jetpack_sharing_enabled":true,"_links":{"self":[{"href":"https:\/\/www.mobile-well.com\/es\/wp-json\/wp\/v2\/product\/118478","targetHints":{"allow":["GET"]}}],"collection":[{"href":"https:\/\/www.mobile-well.com\/es\/wp-json\/wp\/v2\/product"}],"about":[{"href":"https:\/\/www.mobile-well.com\/es\/wp-json\/wp\/v2\/types\/product"}],"wp:featuredmedia":[{"embeddable":true,"href":"https:\/\/www.mobile-well.com\/es\/wp-json\/wp\/v2\/media\/118481"}],"wp:attachment":[{"href":"https:\/\/www.mobile-well.com\/es\/wp-json\/wp\/v2\/media?parent=118478"}],"wp:term":[{"taxonomy":"product_brand","embeddable":true,"href":"https:\/\/www.mobile-well.com\/es\/wp-json\/wp\/v2\/product_brand?post=118478"},{"taxonomy":"product_cat","embeddable":true,"href":"https:\/\/www.mobile-well.com\/es\/wp-json\/wp\/v2\/product_cat?post=118478"},{"taxonomy":"product_tag","embeddable":true,"href":"https:\/\/www.mobile-well.com\/es\/wp-json\/wp\/v2\/product_tag?post=118478"}],"curies":[{"name":"wp","href":"https:\/\/api.w.org\/{rel}","templated":true}]}}