{"id":118575,"date":"2024-06-06T11:23:17","date_gmt":"2024-06-06T03:23:17","guid":{"rendered":"https:\/\/www.mobile-well.com\/?post_type=product&#038;p=118575"},"modified":"2024-06-06T11:25:00","modified_gmt":"2024-06-06T03:25:00","slug":"caja-magnetica-anticaida-del-telefono-movil-de-tpupc-con-el-soporte-invisible-de-la-proteccion-de-la-lente-del-metal","status":"publish","type":"product","link":"https:\/\/www.mobile-well.com\/es\/producto\/caja-magnetica-anticaida-del-telefono-movil-de-tpupc-con-el-soporte-invisible-de-la-proteccion-de-la-lente-del-metal\/","title":{"rendered":"Caja magn\u00e9tica antica\u00edda del tel\u00e9fono m\u00f3vil de Tpu+Pc con el soporte invisible de la protecci\u00f3n de la lente del metal"},"content":{"rendered":"","protected":false},"excerpt":{"rendered":"<ul>\n<li>Producto NO.:P2305-A10<\/li>\n<li>Material:TPU + ordenador personal<\/li>\n<li>Artesan\u00eda: moldeo por inyecci\u00f3n secundaria<\/li>\n<li>MOQ: 20 piezas\/modelo, 20 piezas\/color<\/li>\n<li>Peso neto del producto: 54,80 g.<\/li>\n<\/ul>\n","protected":false},"featured_media":118590,"template":"","meta":[],"product_brand":[],"product_cat":[77],"product_tag":[10186,10188,10187],"class_list":{"0":"post-118575","1":"product","2":"type-product","3":"status-publish","4":"has-post-thumbnail","6":"product_cat-fundas","7":"product_tag-caja-magnetica-anticaida-del-telefono-movil","8":"product_tag-la-proteccion-de-la-lente-del-metal","9":"product_tag-tpupc-con-el-soporte-invisible","11":"first","12":"instock","13":"shipping-taxable","14":"product-type-simple"},"jetpack_sharing_enabled":true,"_links":{"self":[{"href":"https:\/\/www.mobile-well.com\/es\/wp-json\/wp\/v2\/product\/118575","targetHints":{"allow":["GET"]}}],"collection":[{"href":"https:\/\/www.mobile-well.com\/es\/wp-json\/wp\/v2\/product"}],"about":[{"href":"https:\/\/www.mobile-well.com\/es\/wp-json\/wp\/v2\/types\/product"}],"wp:featuredmedia":[{"embeddable":true,"href":"https:\/\/www.mobile-well.com\/es\/wp-json\/wp\/v2\/media\/118590"}],"wp:attachment":[{"href":"https:\/\/www.mobile-well.com\/es\/wp-json\/wp\/v2\/media?parent=118575"}],"wp:term":[{"taxonomy":"product_brand","embeddable":true,"href":"https:\/\/www.mobile-well.com\/es\/wp-json\/wp\/v2\/product_brand?post=118575"},{"taxonomy":"product_cat","embeddable":true,"href":"https:\/\/www.mobile-well.com\/es\/wp-json\/wp\/v2\/product_cat?post=118575"},{"taxonomy":"product_tag","embeddable":true,"href":"https:\/\/www.mobile-well.com\/es\/wp-json\/wp\/v2\/product_tag?post=118575"}],"curies":[{"name":"wp","href":"https:\/\/api.w.org\/{rel}","templated":true}]}}