{"id":118836,"date":"2024-07-09T11:48:32","date_gmt":"2024-07-09T03:48:32","guid":{"rendered":"https:\/\/www.mobile-well.com\/?post_type=product&#038;p=118836"},"modified":"2024-07-09T11:48:46","modified_gmt":"2024-07-09T03:48:46","slug":"nueva-cascara-transparente-del-telefono-movil-del-grueso-de-tpupc-1-5-conveniente-para-la-serie-iphone16","status":"publish","type":"product","link":"https:\/\/www.mobile-well.com\/es\/producto\/nueva-cascara-transparente-del-telefono-movil-del-grueso-de-tpupc-1-5-conveniente-para-la-serie-iphone16\/","title":{"rendered":"Nueva c\u00e1scara transparente del tel\u00e9fono m\u00f3vil del grueso de TPU+PC 1.5 conveniente para la serie IPHONE16"},"content":{"rendered":"","protected":false},"excerpt":{"rendered":"<ul>\n<li><strong>Producto NO.:P2106-A1<\/strong><\/li>\n<li><strong>Material:TPU + ordenador personal<\/strong><\/li>\n<li><strong>Artesan\u00eda: transparente<\/strong><\/li>\n<li><strong>Cantidad m\u00ednima de pedido: 50 unidades\/modelo.<\/strong><\/li>\n<li><strong>Peso neto del producto: 31,5 g.<\/strong><\/li>\n<\/ul>\n","protected":false},"featured_media":118845,"template":"","meta":[],"product_brand":[],"product_cat":[2073],"product_tag":[10223,2773,10219],"class_list":{"0":"post-118836","1":"product","2":"type-product","3":"status-publish","4":"has-post-thumbnail","6":"product_cat-sin-categoria","7":"product_tag-cascara-transparente-del-telefono-movil","8":"product_tag-funda-tpupc","9":"product_tag-iphone16-funda","11":"first","12":"instock","13":"shipping-taxable","14":"product-type-simple"},"jetpack_sharing_enabled":true,"_links":{"self":[{"href":"https:\/\/www.mobile-well.com\/es\/wp-json\/wp\/v2\/product\/118836","targetHints":{"allow":["GET"]}}],"collection":[{"href":"https:\/\/www.mobile-well.com\/es\/wp-json\/wp\/v2\/product"}],"about":[{"href":"https:\/\/www.mobile-well.com\/es\/wp-json\/wp\/v2\/types\/product"}],"wp:featuredmedia":[{"embeddable":true,"href":"https:\/\/www.mobile-well.com\/es\/wp-json\/wp\/v2\/media\/118845"}],"wp:attachment":[{"href":"https:\/\/www.mobile-well.com\/es\/wp-json\/wp\/v2\/media?parent=118836"}],"wp:term":[{"taxonomy":"product_brand","embeddable":true,"href":"https:\/\/www.mobile-well.com\/es\/wp-json\/wp\/v2\/product_brand?post=118836"},{"taxonomy":"product_cat","embeddable":true,"href":"https:\/\/www.mobile-well.com\/es\/wp-json\/wp\/v2\/product_cat?post=118836"},{"taxonomy":"product_tag","embeddable":true,"href":"https:\/\/www.mobile-well.com\/es\/wp-json\/wp\/v2\/product_tag?post=118836"}],"curies":[{"name":"wp","href":"https:\/\/api.w.org\/{rel}","templated":true}]}}