{"id":118867,"date":"2024-07-09T14:08:59","date_gmt":"2024-07-09T06:08:59","guid":{"rendered":"https:\/\/www.mobile-well.com\/?post_type=product&#038;p=118867"},"modified":"2024-07-09T14:09:11","modified_gmt":"2024-07-09T06:09:11","slug":"altavoz-inalambrico-portatil-del-bluetooth-del-diseno-estereo-de-la-forma-de-la-camara-al-por-mayor-de-la-fabrica","status":"publish","type":"product","link":"https:\/\/www.mobile-well.com\/es\/producto\/altavoz-inalambrico-portatil-del-bluetooth-del-diseno-estereo-de-la-forma-de-la-camara-al-por-mayor-de-la-fabrica\/","title":{"rendered":"Altavoz inal\u00e1mbrico port\u00e1til del bluetooth del dise\u00f1o est\u00e9reo de la forma de la c\u00e1mara al por mayor de la f\u00e1brica"},"content":{"rendered":"","protected":false},"excerpt":{"rendered":"<ul>\n<li>Producto NO.:P2106-A22<\/li>\n<li>Cantidad m\u00ednima de pedido: 50 unidades.<\/li>\n<li>Color: negro\/rojo\/azul\/verde<\/li>\n<li>Potencia de salida: 5W<\/li>\n<li>Capacidad de la bater\u00eda 800MAH<\/li>\n<li>Funci\u00f3n: BT, TF, USB, FM Cintur\u00f3n de mano<\/li>\n<li>N\u00famero de cajas: 50<\/li>\n<li>Tama\u00f1o del producto: 260*225,5*53mm<\/li>\n<li>Peso neto: 0,94 kg<\/li>\n<li>Tama\u00f1o del cart\u00f3n: 34*27*50 cm<\/li>\n<li>Peso del embalaje: 12,2 kg<\/li>\n<\/ul>\n","protected":false},"featured_media":118868,"template":"","meta":[],"product_brand":[],"product_cat":[310],"product_tag":[10225,10226],"class_list":{"0":"post-118867","1":"product","2":"type-product","3":"status-publish","4":"has-post-thumbnail","6":"product_cat-parlantes","7":"product_tag-altavoz-inalambrico-portatil-del-bluetooth","8":"product_tag-por-mayor-de-la-fabrica","10":"first","11":"instock","12":"shipping-taxable","13":"product-type-simple"},"jetpack_sharing_enabled":true,"_links":{"self":[{"href":"https:\/\/www.mobile-well.com\/es\/wp-json\/wp\/v2\/product\/118867","targetHints":{"allow":["GET"]}}],"collection":[{"href":"https:\/\/www.mobile-well.com\/es\/wp-json\/wp\/v2\/product"}],"about":[{"href":"https:\/\/www.mobile-well.com\/es\/wp-json\/wp\/v2\/types\/product"}],"wp:featuredmedia":[{"embeddable":true,"href":"https:\/\/www.mobile-well.com\/es\/wp-json\/wp\/v2\/media\/118868"}],"wp:attachment":[{"href":"https:\/\/www.mobile-well.com\/es\/wp-json\/wp\/v2\/media?parent=118867"}],"wp:term":[{"taxonomy":"product_brand","embeddable":true,"href":"https:\/\/www.mobile-well.com\/es\/wp-json\/wp\/v2\/product_brand?post=118867"},{"taxonomy":"product_cat","embeddable":true,"href":"https:\/\/www.mobile-well.com\/es\/wp-json\/wp\/v2\/product_cat?post=118867"},{"taxonomy":"product_tag","embeddable":true,"href":"https:\/\/www.mobile-well.com\/es\/wp-json\/wp\/v2\/product_tag?post=118867"}],"curies":[{"name":"wp","href":"https:\/\/api.w.org\/{rel}","templated":true}]}}